{"id":3046,"date":"2022-02-14T10:28:23","date_gmt":"2022-02-14T10:28:23","guid":{"rendered":"https:\/\/pavigesa.com\/?page_id=3046"},"modified":"2025-07-04T13:35:25","modified_gmt":"2025-07-04T11:35:25","slug":"tratamientos","status":"publish","type":"page","link":"https:\/\/pavigesa.com\/fr\/tratamientos\/","title":{"rendered":"TRAITEMENTS"},"content":{"rendered":"<div data-midnight=\"dark-title\" class=\"row wpb_row row-fluid full-width-row vc_custom_1630495559908 row-has-fill\"><div class=\"wpb_column columns medium-12 thb-dark-column small-12\"><div class=\"vc_column-inner\"><div class=\"wpb_wrapper\">\n\t<div class=\"wpb_text_column wpb_content_element\">\n\t\t<div class=\"wpb_wrapper\">\n\t\t\t<h2 class=\"blanco\" style=\"text-align: center;\">Traitement et protection<\/h2>\n\n\t\t<\/div>\n\t<\/div>\n<\/div><\/div><\/div><\/div><div data-midnight=\"dark-title\" class=\"row wpb_row row-fluid vc_custom_1676992910854\"><div class=\"wpb_column columns medium-5 thb-dark-column small-12\"><div class=\"vc_column-inner\"><div class=\"wpb_wrapper\">\n\t<div class=\"wpb_text_column wpb_content_element\">\n\t\t<div class=\"wpb_wrapper\">\n\t\t\t<h1>A\u00d1ADE UN TRATAMIENTO SUPERFICIAL A TUS PAVIMENTOS CONTRA LAS MANCHAS<\/h1>\n\n\t\t<\/div>\n\t<\/div>\n\n\t<div class=\"wpb_text_column wpb_content_element\">\n\t\t<div class=\"wpb_wrapper\">\n\t\t\t<p>Compos\u00e9 liquide de Pavigesa pour la protection des chauss\u00e9es pour l'ext\u00e9rieur.<\/p>\n\n\t\t<\/div>\n\t<\/div>\n\n\t<div class=\"wpb_text_column wpb_content_element\">\n\t\t<div class=\"wpb_wrapper\">\n\t\t\t<p>Fabriqu\u00e9 \u00e0 partir de r\u00e9sines acryliques, avec d'excellentes propri\u00e9t\u00e9s de duret\u00e9 et de r\u00e9sistance aux rayons ultraviolets et \u00e0 l'humidit\u00e9. Adh\u00e9rence extraordinaire, qui agit en p\u00e9n\u00e9trant et en compactant les particules en am\u00e9liorant leur adh\u00e9rence, ce qui g\u00e9n\u00e8re une grande r\u00e9sistance \u00e0 l'abrasion, am\u00e9liorant la durabilit\u00e9 finale du rev\u00eatement.<\/p>\n\n\t\t<\/div>\n\t<\/div>\n\n\t<div class=\"wpb_text_column wpb_content_element\">\n\t\t<div class=\"wpb_wrapper\">\n\t\t\t<p>Con el tratamiento Protec, las piezas aumentan su capacidad hidr\u00f3fuga, contribuyendo as\u00ed a un mejor mantenimiento de las superficies pavimentadas.<\/p>\n\n\t\t<\/div>\n\t<\/div>\n\n\t<div class=\"wpb_text_column wpb_content_element   vc_custom_1751627624197\">\n\t\t<div class=\"wpb_wrapper\">\n\t\t\t<p><strong>FICHE TECHNIQUE DU PRODUIT<\/strong><\/p>\n<p class=\"privado\">Ce contenu est r\u00e9serv\u00e9 aux utilisateurs enregistr\u00e9s. Registre <a href=\"\/fr\/mi-cuenta\/\"><strong>ici<\/strong><\/a> pour pouvoir le voir.<\/p>\n\n\t\t<\/div>\n\t<\/div>\n<\/div><\/div><\/div><div class=\"colores-diseno wpb_column columns medium-7 thb-dark-column small-12\"><div class=\"vc_column-inner   vc_custom_1644833717135\"><div class=\"wpb_wrapper\">\t<div id=\"thb-slidetype-69e99bbb90fba\" class=\"thb-slidetype\" data-style=\"style1\">\n\t\t\n<h2><span class=\"thb-slidetype-entry\"><span class=\"lines\">Fixation des couleurs<\/span><\/span><\/h2>\n\t\t\t<\/div>\n\n\t\n\t<div class=\"wpb_text_column wpb_content_element animation left-to-right\">\n\t\t<div class=\"wpb_wrapper\">\n\t\t\t<h5 style=\"text-align: left;\">Tratamiento a base de resinas incoloras que fijan el color sin aportar brillos ni &#8220;efecto mojado&#8221; y protege tu pavimento ante las manchas<\/h5>\n\n\t\t<\/div>\n\t<\/div>\n\n\t<div  class=\"wpb_single_image wpb_content_element vc_align_left\">\n\t\t\n\t\t<figure class=\"wpb_wrapper vc_figure\">\n\t\t\t<div class=\"vc_single_image-wrapper   vc_box_border_grey\"><img decoding=\"async\" class=\"vc_single_image-img\" src=\"https:\/\/pavigesa.com\/wp-content\/uploads\/2023\/06\/resina-500x500.png\" width=\"500\" height=\"500\" alt=\"resina\" title=\"resina\" \/><\/div>\n\t\t<\/figure>\n\t<\/div>\n\n\t<div  class=\"wpb_single_image wpb_content_element vc_align_left\">\n\t\t\n\t\t<figure class=\"wpb_wrapper vc_figure\">\n\t\t\t<div class=\"vc_single_image-wrapper   vc_box_border_grey\"><img decoding=\"async\" class=\"vc_single_image-img\" src=\"https:\/\/pavigesa.com\/wp-content\/uploads\/2022\/02\/con-y-sin-resina-500x500.png\" width=\"500\" height=\"500\" alt=\"con y sin resina\" title=\"avec et sans r\u00e9sine\" \/><\/div>\n\t\t<\/figure>\n\t<\/div>\n<\/div><\/div><\/div><\/div><div data-midnight=\"dark-title\" class=\"row wpb_row row-fluid vc_custom_1631524450512\"><div class=\"wpb_column columns medium-5 thb-dark-column small-12\"><div class=\"vc_column-inner\"><div class=\"wpb_wrapper\">\n\t<div class=\"wpb_text_column wpb_content_element\">\n\t\t<div class=\"wpb_wrapper\">\n\t\t\t<p><span style=\"font-size: 36pt; color: #d91e1e;\"><strong>Cleaner Plus<\/strong><\/span><\/p>\n\n\t\t<\/div>\n\t<\/div>\n\n\t<div class=\"wpb_text_column wpb_content_element\">\n\t\t<div class=\"wpb_wrapper\">\n\t\t\t<p><strong>Cleaner Plus<\/strong>, se recomienda su uso en pavimentos tratadas con tratamiento antimanchas para su limpieza y mantenimiento.<\/p>\n<p>Contiene un disolvente puramente natural y se encuentra completamente libre de compuestos arom\u00e1ticos o sustancias que puedan da\u00f1ar la pel\u00edcula protectora creada por nuestro tratamiento hidrofugante o antimanchas.<\/p>\n<p>Gr\u00e2ce \u00e0 ce produit, nous veillons \u00e0 ce que notre traitement anti-t\u00e2ches + hydrofuge ne soit pas affect\u00e9 et nous nous assurons que notre rev\u00eatement de sol reste prot\u00e9g\u00e9.<\/p>\n<p>Convient pour le nettoyage des surfaces contamin\u00e9es par des chewing-gums, de l'huile et de la graisse.<\/p>\n<p>Le caract\u00e8re naturel du nettoyant rend le produit \u00e9cologiquement responsable.<\/p>\n\n\t\t<\/div>\n\t<\/div>\n<\/div><\/div><\/div><div class=\"colores-diseno wpb_column columns medium-7 thb-dark-column small-12\"><div class=\"vc_column-inner   vc_custom_1644833717135\"><div class=\"wpb_wrapper\">\t<div id=\"thb-slidetype-69e99bbb928a0\" class=\"thb-slidetype\" data-style=\"style1\">\n\t\t\n<h2><span class=\"thb-slidetype-entry\"><span class=\"lines\">Para la limpieza de pavimentos tratados contra las manchas<\/span><\/span><\/h2>\n\t\t\t<\/div>\n\n\t\n\t<div class=\"wpb_text_column wpb_content_element animation left-to-right\">\n\t\t<div class=\"wpb_wrapper\">\n\t\t\t<h5 style=\"text-align: left;\">Le meilleur nettoyant du march\u00e9 pour les sols en b\u00e9ton pr\u00e9fabriqu\u00e9<\/h5>\n\n\t\t<\/div>\n\t<\/div>\n\n\t<div  class=\"wpb_single_image wpb_content_element vc_align_left\">\n\t\t\n\t\t<figure class=\"wpb_wrapper vc_figure\">\n\t\t\t<div class=\"vc_single_image-wrapper   vc_box_border_grey\"><img decoding=\"async\" class=\"vc_single_image-img\" src=\"https:\/\/pavigesa.com\/wp-content\/uploads\/2023\/02\/WhatsApp-Image-2023-01-18-at-13.23.05-500x500.jpeg\" width=\"500\" height=\"500\" alt=\"WhatsApp Image 2023-01-18 at 13.23.05\" title=\"Image WhatsApp 2023-01-18 \u00e0 13.23.05\" \/><\/div>\n\t\t<\/figure>\n\t<\/div>\n<\/div><\/div><\/div><\/div><div data-midnight=\"dark-title\" class=\"row wpb_row row-fluid row-o-content-middle row-flex\"><div class=\"wpb_column columns medium-12 thb-dark-column small-12\"><div class=\"vc_column-inner\"><div class=\"wpb_wrapper\">\t<div id=\"thb-autotype-84\" class=\"thb-autotype\">\n\t\t<\/p>\n<h2>Traitements de surface <div class=\"thb-autotype-entry\" data-thb-loop=\"\" data-strings=\"[&quot;para adoquines y losas&quot;]\" data-speed=\"50\"><\/div><\/h2>\n<p>\t\t\t\t<style>\n\t\t\t#thb-autotype-84 .thb-autotype-entry {\n\t\t\t\tcolor: #dd3333;\n\t\t\t}\n\t\t<\/style>\n\t\t\t<\/div>\n\n\t<\/div><\/div><\/div><\/div><div data-midnight=\"dark-title\" class=\"row wpb_row row-fluid row-o-content-middle row-flex\"><div class=\"wpb_column columns medium-12 thb-dark-column small-12\"><div class=\"vc_column-inner\"><div class=\"wpb_wrapper\"><div class=\"vc_empty_space\" id=\"thb-empty-space-69e99bbb93b91\"  style=\"height: 32px\" ><span class=\"vc_empty_space_inner\"><\/span><\/div>\n<\/div><\/div><\/div><\/div><div data-midnight=\"dark-title\" class=\"row wpb_row row-fluid row-o-content-middle row-flex\"><div class=\"wpb_column columns medium-3 thb-dark-column small-12\"><div class=\"vc_column-inner\"><div class=\"wpb_wrapper\">\n\t<div  class=\"wpb_single_image wpb_content_element vc_align_center\">\n\t\t\n\t\t<figure class=\"wpb_wrapper vc_figure\">\n\t\t\t<div class=\"vc_single_image-wrapper   vc_box_border_grey\"><img decoding=\"async\" class=\"vc_single_image-img\" src=\"https:\/\/pavigesa.com\/wp-content\/uploads\/2022\/02\/T1-HIDROFUGO-150x250.png\" width=\"150\" height=\"250\" alt=\"T1 HIDR\u00d3FUGO\" title=\"T1 HYDROPHONE\" \/><\/div>\n\t\t<\/figure>\n\t<\/div>\n<\/div><\/div><\/div><div class=\"wpb_column columns medium-9 thb-dark-column small-12\"><div class=\"vc_column-inner\"><div class=\"wpb_wrapper\">\n\t<div class=\"wpb_text_column wpb_content_element animation fade-in\">\n\t\t<div class=\"wpb_wrapper\">\n\t\t\t<h3>T1 : Traitement hydrofuge<\/h3>\n<p>Notre traitement <strong>base<\/strong>Protection hydrofuge : avec la protection hydrofuge, nous augmentons l'imperm\u00e9abilit\u00e9 de nos pav\u00e9s et dalles, les rendant pratiquement imperm\u00e9ables \u00e0 l'eau et emp\u00eachant ainsi l'incrustation de la salet\u00e9 normale de l'environnement.<\/p>\n<p><em>Traitement inclus dans toutes nos fabrications.<\/em><\/p>\n\n\t\t<\/div>\n\t<\/div>\n<\/div><\/div><\/div><\/div><div data-midnight=\"dark-title\" class=\"row wpb_row row-fluid row-o-content-middle row-flex\"><div class=\"wpb_column columns medium-3 thb-dark-column small-12\"><div class=\"vc_column-inner\"><div class=\"wpb_wrapper\">\n\t<div  class=\"wpb_single_image wpb_content_element vc_align_center\">\n\t\t\n\t\t<figure class=\"wpb_wrapper vc_figure\">\n\t\t\t<div class=\"vc_single_image-wrapper   vc_box_border_grey\"><img decoding=\"async\" class=\"vc_single_image-img\" src=\"https:\/\/pavigesa.com\/wp-content\/uploads\/2022\/02\/T2-ANTIMANCHAS-150x250.png\" width=\"150\" height=\"250\" alt=\"T2 ANTIMANCHAS\" title=\"T2 ANTI-SPOTS\" \/><\/div>\n\t\t<\/figure>\n\t<\/div>\n<div class=\"vc_empty_space\" id=\"thb-empty-space-69e99bbb956a5\"  style=\"height: 64px\" ><span class=\"vc_empty_space_inner\"><\/span><\/div>\n<\/div><\/div><\/div><div class=\"wpb_column columns medium-9 thb-dark-column small-12\"><div class=\"vc_column-inner\"><div class=\"wpb_wrapper\">\n\t<div class=\"wpb_text_column wpb_content_element animation fade-in\">\n\t\t<div class=\"wpb_wrapper\">\n\t\t\t<h3>T2: Tratamiento Antimanchas<\/h3>\n<p>Notre traitement <strong>prime<\/strong>Avec la protection anti-taches, nous cr\u00e9ons un film transparent et terne sur notre dallage, emp\u00eachant ainsi les taches les plus agressives (caf\u00e9, huiles, aliments, etc.) de p\u00e9n\u00e9trer dans la couche superficielle du dallage, le prot\u00e9geant et le rendant plus facile \u00e0 nettoyer.<\/p>\n<p><em>Traitement sur demande, peut \u00eatre appliqu\u00e9 en usine ou sur site apr\u00e8s l'installation du produit.<\/em><\/p>\n\n\t\t<\/div>\n\t<\/div>\n<\/div><\/div><\/div><\/div><div data-midnight=\"dark-title\" class=\"row wpb_row row-fluid\"><div class=\"wpb_column columns medium-4 thb-dark-column small-12\"><div class=\"vc_column-inner\"><div class=\"wpb_wrapper\">\t<div id=\"thb-fadetype-95\" class=\"thb-fadetype  thb-fadetype-style1\">\n\t\t\t\t\t\t\n<h2><div class=\"thb-fadetype-entry\">Prot\u00e8ge, fixe la couleur, augmente la durabilit\u00e9, la meilleure finition pour vos sols.<\/div><\/h2>\n\t\t<\/div>\n\t<\/div><\/div><\/div><div class=\"wpb_column columns medium-4 thb-dark-column small-12\"><div class=\"vc_column-inner\"><div class=\"wpb_wrapper\">\t\t\t\t\t<div id=\"thb-image-slider-13\" class=\"thb-image-slider slick thb-image-slider-style1   mfp-gallery dark-arrow\" data-pagination=\"true\" data-navigation=\"\" data-center=\"0\" data-columns=\"1\" data-infinite=\"false\" data-autoplay=\"\" data-autoplay-speed=\"4000\">\n\t\t\t\t\t\t\t\t\t\t\t\t\t<figure>\n\t\t\t\t\t\t\t\t\t\t\t\t\t\t\t\t\t\t<a href=\"https:\/\/pavigesa.com\/wp-content\/uploads\/2022\/02\/resina.png\">\n\t\t\t\t\t\t\t\t\t\t\t\t\t\t\t\t\t\t<img decoding=\"async\" width=\"591\" height=\"553\" src=\"https:\/\/pavigesa.com\/wp-content\/uploads\/2022\/02\/resina.png\" class=\"thb-ignore-lazyload attachment-full\" alt=\"\" title=\"Paviprotect\" srcset=\"https:\/\/pavigesa.com\/wp-content\/uploads\/2022\/02\/resina.png 591w, https:\/\/pavigesa.com\/wp-content\/uploads\/2022\/02\/resina-13x12.png 13w, https:\/\/pavigesa.com\/wp-content\/uploads\/2022\/02\/resina-80x75.png 80w, https:\/\/pavigesa.com\/wp-content\/uploads\/2022\/02\/resina-160x150.png 160w, https:\/\/pavigesa.com\/wp-content\/uploads\/2022\/02\/resina-320x299.png 320w, https:\/\/pavigesa.com\/wp-content\/uploads\/2022\/02\/resina-480x450.png 480w, https:\/\/pavigesa.com\/wp-content\/uploads\/2022\/02\/resina-20x18.png 20w\" sizes=\"(max-width: 591px) 100vw, 591px\" \/>\t\t\t\t\t\t\t\t\t\t\t\t\t\t\t\t\t\t\t\t\t\t\t\t\t\t<\/a>\n\t\t\t\t\t\t\t\t\t\t\t\t\t\t\t\t\t<\/figure>\n\t\t\t\t\t\t\t\t\t\t\t<\/div>\n\t\t\t\t\t\t<\/div><\/div><\/div><\/div>","protected":false},"excerpt":{"rendered":"Tratamiento y Protecci\u00f3n A\u00d1ADE UN TRATAMIENTO SUPERFICIAL A TUS PAVIMENTOS CONTRA LAS MANCHAS Compuesto l\u00edquido para la protecci\u00f3n de pavimentos de Pavigesa para exteriores. Elaborado a base de resinas acr\u00edlicas, con excelentes propiedades de dureza y resistencia a los rayos ultravioleta y a la humedad. Extraordinaria adherencia, que act\u00faa penetrando y compactando las part\u00edculas al&hellip;","protected":false},"author":2,"featured_media":0,"parent":0,"menu_order":0,"comment_status":"closed","ping_status":"closed","template":"","meta":{"footnotes":"","_links_to":"","_links_to_target":""},"class_list":["post-3046","page","type-page","status-publish","hentry"],"yoast_head":"<!-- This site is optimized with the Yoast SEO plugin v26.7 - https:\/\/yoast.com\/wordpress\/plugins\/seo\/ -->\n<title>TRATAMIENTOS - Pavigesa<\/title>\n<meta name=\"robots\" content=\"index, follow, max-snippet:-1, max-image-preview:large, max-video-preview:-1\" \/>\n<link rel=\"canonical\" href=\"https:\/\/pavigesa.com\/fr\/tratamientos\/\" \/>\n<meta property=\"og:locale\" content=\"fr_FR\" \/>\n<meta property=\"og:type\" content=\"article\" \/>\n<meta property=\"og:title\" content=\"TRATAMIENTOS - Pavigesa\" \/>\n<meta property=\"og:url\" content=\"https:\/\/pavigesa.com\/fr\/tratamientos\/\" \/>\n<meta property=\"og:site_name\" content=\"Pavigesa\" \/>\n<meta property=\"article:modified_time\" content=\"2025-07-04T11:35:25+00:00\" \/>\n<meta name=\"twitter:card\" content=\"summary_large_image\" \/>\n<meta name=\"twitter:label1\" content=\"Dur\u00e9e de lecture estim\u00e9e\" \/>\n\t<meta name=\"twitter:data1\" content=\"4 minutes\" \/>\n<script type=\"application\/ld+json\" class=\"yoast-schema-graph\">{\"@context\":\"https:\/\/schema.org\",\"@graph\":[{\"@type\":\"WebPage\",\"@id\":\"https:\/\/pavigesa.com\/tratamientos\/\",\"url\":\"https:\/\/pavigesa.com\/tratamientos\/\",\"name\":\"TRATAMIENTOS - Pavigesa\",\"isPartOf\":{\"@id\":\"https:\/\/pavigesa.com\/#website\"},\"datePublished\":\"2022-02-14T10:28:23+00:00\",\"dateModified\":\"2025-07-04T11:35:25+00:00\",\"breadcrumb\":{\"@id\":\"https:\/\/pavigesa.com\/tratamientos\/#breadcrumb\"},\"inLanguage\":\"fr-FR\",\"potentialAction\":[{\"@type\":\"ReadAction\",\"target\":[\"https:\/\/pavigesa.com\/tratamientos\/\"]}]},{\"@type\":\"BreadcrumbList\",\"@id\":\"https:\/\/pavigesa.com\/tratamientos\/#breadcrumb\",\"itemListElement\":[{\"@type\":\"ListItem\",\"position\":1,\"name\":\"Portada\",\"item\":\"https:\/\/pavigesa.com\/\"},{\"@type\":\"ListItem\",\"position\":2,\"name\":\"TRATAMIENTOS\"}]},{\"@type\":\"WebSite\",\"@id\":\"https:\/\/pavigesa.com\/#website\",\"url\":\"https:\/\/pavigesa.com\/\",\"name\":\"Pavigesa\",\"description\":\"Construimos entornos urbanos de calidad\",\"potentialAction\":[{\"@type\":\"SearchAction\",\"target\":{\"@type\":\"EntryPoint\",\"urlTemplate\":\"https:\/\/pavigesa.com\/?s={search_term_string}\"},\"query-input\":{\"@type\":\"PropertyValueSpecification\",\"valueRequired\":true,\"valueName\":\"search_term_string\"}}],\"inLanguage\":\"fr-FR\"}]}<\/script>\n<!-- \/ Yoast SEO plugin. -->","yoast_head_json":{"title":"TRATAMIENTOS - Pavigesa","robots":{"index":"index","follow":"follow","max-snippet":"max-snippet:-1","max-image-preview":"max-image-preview:large","max-video-preview":"max-video-preview:-1"},"canonical":"https:\/\/pavigesa.com\/fr\/tratamientos\/","og_locale":"fr_FR","og_type":"article","og_title":"TRATAMIENTOS - Pavigesa","og_url":"https:\/\/pavigesa.com\/fr\/tratamientos\/","og_site_name":"Pavigesa","article_modified_time":"2025-07-04T11:35:25+00:00","twitter_card":"summary_large_image","twitter_misc":{"Dur\u00e9e de lecture estim\u00e9e":"4 minutes"},"schema":{"@context":"https:\/\/schema.org","@graph":[{"@type":"WebPage","@id":"https:\/\/pavigesa.com\/tratamientos\/","url":"https:\/\/pavigesa.com\/tratamientos\/","name":"TRATAMIENTOS - Pavigesa","isPartOf":{"@id":"https:\/\/pavigesa.com\/#website"},"datePublished":"2022-02-14T10:28:23+00:00","dateModified":"2025-07-04T11:35:25+00:00","breadcrumb":{"@id":"https:\/\/pavigesa.com\/tratamientos\/#breadcrumb"},"inLanguage":"fr-FR","potentialAction":[{"@type":"ReadAction","target":["https:\/\/pavigesa.com\/tratamientos\/"]}]},{"@type":"BreadcrumbList","@id":"https:\/\/pavigesa.com\/tratamientos\/#breadcrumb","itemListElement":[{"@type":"ListItem","position":1,"name":"Portada","item":"https:\/\/pavigesa.com\/"},{"@type":"ListItem","position":2,"name":"TRATAMIENTOS"}]},{"@type":"WebSite","@id":"https:\/\/pavigesa.com\/#website","url":"https:\/\/pavigesa.com\/","name":"Pavigesa","description":"Construire des environnements urbains de qualit\u00e9","potentialAction":[{"@type":"SearchAction","target":{"@type":"EntryPoint","urlTemplate":"https:\/\/pavigesa.com\/?s={search_term_string}"},"query-input":{"@type":"PropertyValueSpecification","valueRequired":true,"valueName":"search_term_string"}}],"inLanguage":"fr-FR"}]}},"_links":{"self":[{"href":"https:\/\/pavigesa.com\/fr\/wp-json\/wp\/v2\/pages\/3046","targetHints":{"allow":["GET"]}}],"collection":[{"href":"https:\/\/pavigesa.com\/fr\/wp-json\/wp\/v2\/pages"}],"about":[{"href":"https:\/\/pavigesa.com\/fr\/wp-json\/wp\/v2\/types\/page"}],"author":[{"embeddable":true,"href":"https:\/\/pavigesa.com\/fr\/wp-json\/wp\/v2\/users\/2"}],"replies":[{"embeddable":true,"href":"https:\/\/pavigesa.com\/fr\/wp-json\/wp\/v2\/comments?post=3046"}],"version-history":[{"count":27,"href":"https:\/\/pavigesa.com\/fr\/wp-json\/wp\/v2\/pages\/3046\/revisions"}],"predecessor-version":[{"id":4051,"href":"https:\/\/pavigesa.com\/fr\/wp-json\/wp\/v2\/pages\/3046\/revisions\/4051"}],"wp:attachment":[{"href":"https:\/\/pavigesa.com\/fr\/wp-json\/wp\/v2\/media?parent=3046"}],"curies":[{"name":"wp","href":"https:\/\/api.w.org\/{rel}","templated":true}]}}