{"id":271,"date":"2021-06-21T07:57:21","date_gmt":"2021-06-21T07:57:21","guid":{"rendered":"https:\/\/pavigesa.com\/?page_id=271"},"modified":"2022-07-12T10:17:49","modified_gmt":"2022-07-12T10:17:49","slug":"portfolio","status":"publish","type":"page","link":"https:\/\/pavigesa.com\/fr\/portfolio\/","title":{"rendered":"Contenu restreint"},"content":{"rendered":"<div data-midnight=\"dark-title\" class=\"row wpb_row row-fluid vc_custom_1625475979608\"><div class=\"wpb_column columns medium-12 thb-dark-column small-12\"><div class=\"vc_column-inner\"><div class=\"wpb_wrapper\">\n\t<div class=\"wpb_text_column wpb_content_element\">\n\t\t<div class=\"wpb_wrapper\">\n\t\t\t<h2 class=\"rojo\" style=\"text-align: center;\">REV\u00caTEMENTS EXT\u00c9RIEURS<\/h2>\n\n\t\t<\/div>\n\t<\/div>\n<\/div><\/div><\/div><\/div><div data-midnight=\"dark-title\" class=\"row wpb_row row-fluid vc_custom_1625475878815\"><div class=\"wpb_column columns medium-12 thb-dark-column small-12\"><div class=\"vc_column-inner\"><div class=\"wpb_wrapper\">\t\t\t\t<div class=\"row expanded thb-portfolio masonry thb-filter-style1 thb-margins\" id=\"portfolio-section-363\" data-thb-animation=\"thb-animate-from-bottom\" data-loadmore=\"#loadmore-363\" data-filter=\"thb-filter-363\" data-thb-animation-speed=\"0.5\" data-security=\"b7971b485b\">\n\t\t\t<a href=\"https:\/\/pavigesa.com\/fr\/producto\/adoquines\/\" class=\"columns type-portfolio medium-6 large-3 small-12 medium-6 padding-1 thb-animate-from-bottom  thb-default-small  thb-cat-pavimentos-exteriores style2 portfolio-link post-120 portfolio status-publish has-post-thumbnail hentry portfolio-category-pavimentos-exteriores\" id=\"portfolio-120\">\n\t<div class=\"portfolio-holder\">\n\t\t<div class=\"portfolio-inner thb-default-small\" style=\"padding-bottom: 80%;\">\n\t\t\t\t\t\t\t<div class=\"thb-placeholder\">\n\t\t\t\t\t<img decoding=\"async\" width=\"400\" height=\"400\" src=\"https:\/\/pavigesa.com\/wp-content\/uploads\/2021\/06\/adoquines.jpg\" class=\"attachment-werkstatt-masonry-3x size-werkstatt-masonry-3x wp-post-image\" alt=\"\" srcset=\"https:\/\/pavigesa.com\/wp-content\/uploads\/2021\/06\/adoquines.jpg 400w, https:\/\/pavigesa.com\/wp-content\/uploads\/2021\/06\/adoquines-300x300.jpg 300w, https:\/\/pavigesa.com\/wp-content\/uploads\/2021\/06\/adoquines-100x100.jpg 100w, https:\/\/pavigesa.com\/wp-content\/uploads\/2021\/06\/adoquines-150x150.jpg 150w, https:\/\/pavigesa.com\/wp-content\/uploads\/2021\/06\/adoquines-320x320.jpg 320w, https:\/\/pavigesa.com\/wp-content\/uploads\/2021\/06\/adoquines-20x20.jpg 20w\" sizes=\"(max-width: 400px) 100vw, 400px\" \/>\t\t\t\t\t\t\t\t\t<\/div>\n\t\t\t\t\t\t\t\t<\/div>\n\t\t<h2><span>Pav\u00e9s<\/span><\/h2>\n\t\t<aside class=\"thb-categories\"><span>Chauss\u00e9es ext\u00e9rieures<\/span><\/aside>\n\t<\/div>\n<\/a>\n<a href=\"https:\/\/pavigesa.com\/fr\/producto\/serie-verde\/\" class=\"columns type-portfolio medium-6 large-3 small-12 medium-6 padding-1 thb-animate-from-bottom  thb-default-small  thb-cat-pavimentos-exteriores style2 portfolio-link post-478 portfolio status-publish has-post-thumbnail hentry portfolio-category-pavimentos-exteriores\" id=\"portfolio-478\">\n\t<div class=\"portfolio-holder\">\n\t\t<div class=\"portfolio-inner thb-default-small\" style=\"padding-bottom: 80%;\">\n\t\t\t\t\t\t\t<div class=\"thb-placeholder\">\n\t\t\t\t\t<img decoding=\"async\" width=\"400\" height=\"400\" src=\"https:\/\/pavigesa.com\/wp-content\/uploads\/2021\/06\/serie-verde.jpg\" class=\"attachment-werkstatt-masonry-3x size-werkstatt-masonry-3x wp-post-image\" alt=\"\" srcset=\"https:\/\/pavigesa.com\/wp-content\/uploads\/2021\/06\/serie-verde.jpg 400w, https:\/\/pavigesa.com\/wp-content\/uploads\/2021\/06\/serie-verde-300x300.jpg 300w, https:\/\/pavigesa.com\/wp-content\/uploads\/2021\/06\/serie-verde-100x100.jpg 100w, https:\/\/pavigesa.com\/wp-content\/uploads\/2021\/06\/serie-verde-150x150.jpg 150w, https:\/\/pavigesa.com\/wp-content\/uploads\/2021\/06\/serie-verde-320x320.jpg 320w, https:\/\/pavigesa.com\/wp-content\/uploads\/2021\/06\/serie-verde-20x20.jpg 20w\" sizes=\"(max-width: 400px) 100vw, 400px\" \/>\t\t\t\t\t\t\t\t\t<\/div>\n\t\t\t\t\t\t\t\t<\/div>\n\t\t<h2><span>S\u00e9rie verte<\/span><\/h2>\n\t\t<aside class=\"thb-categories\"><span>Chauss\u00e9es ext\u00e9rieures<\/span><\/aside>\n\t<\/div>\n<\/a>\n<a href=\"https:\/\/pavigesa.com\/fr\/producto\/losas-de-hormigon\/\" class=\"columns type-portfolio medium-6 large-3 small-12 medium-6 padding-1 thb-animate-from-bottom  thb-default-small  thb-cat-pavimentos-exteriores style2 portfolio-link post-499 portfolio status-publish has-post-thumbnail hentry portfolio-category-pavimentos-exteriores\" id=\"portfolio-499\">\n\t<div class=\"portfolio-holder\">\n\t\t<div class=\"portfolio-inner thb-default-small\" style=\"padding-bottom: 80%;\">\n\t\t\t\t\t\t\t<div class=\"thb-placeholder\">\n\t\t\t\t\t<img decoding=\"async\" width=\"400\" height=\"400\" src=\"https:\/\/pavigesa.com\/wp-content\/uploads\/2021\/06\/losas-prefabricadas-de-hormigon.jpg\" class=\"attachment-werkstatt-masonry-3x size-werkstatt-masonry-3x wp-post-image\" alt=\"\" srcset=\"https:\/\/pavigesa.com\/wp-content\/uploads\/2021\/06\/losas-prefabricadas-de-hormigon.jpg 400w, https:\/\/pavigesa.com\/wp-content\/uploads\/2021\/06\/losas-prefabricadas-de-hormigon-300x300.jpg 300w, https:\/\/pavigesa.com\/wp-content\/uploads\/2021\/06\/losas-prefabricadas-de-hormigon-100x100.jpg 100w, https:\/\/pavigesa.com\/wp-content\/uploads\/2021\/06\/losas-prefabricadas-de-hormigon-150x150.jpg 150w, https:\/\/pavigesa.com\/wp-content\/uploads\/2021\/06\/losas-prefabricadas-de-hormigon-320x320.jpg 320w, https:\/\/pavigesa.com\/wp-content\/uploads\/2021\/06\/losas-prefabricadas-de-hormigon-20x20.jpg 20w\" sizes=\"(max-width: 400px) 100vw, 400px\" \/>\t\t\t\t\t\t\t\t\t<\/div>\n\t\t\t\t\t\t\t\t<\/div>\n\t\t<h2><span>Dalles en b\u00e9ton<\/span><\/h2>\n\t\t<aside class=\"thb-categories\"><span>Chauss\u00e9es ext\u00e9rieures<\/span><\/aside>\n\t<\/div>\n<\/a>\n<a href=\"https:\/\/pavigesa.com\/fr\/producto\/adoquines-envejecidos\/\" class=\"columns type-portfolio medium-6 large-3 small-12 medium-6 padding-1 thb-animate-from-bottom  thb-default-small  thb-cat-pavimentos-exteriores style2 portfolio-link post-531 portfolio status-publish has-post-thumbnail hentry portfolio-category-pavimentos-exteriores\" id=\"portfolio-531\">\n\t<div class=\"portfolio-holder\">\n\t\t<div class=\"portfolio-inner thb-default-small\" style=\"padding-bottom: 80%;\">\n\t\t\t\t\t\t\t<div class=\"thb-placeholder\">\n\t\t\t\t\t<img decoding=\"async\" width=\"400\" height=\"400\" src=\"https:\/\/pavigesa.com\/wp-content\/uploads\/2021\/06\/adoquines-envejecidos.jpg\" class=\"attachment-werkstatt-masonry-3x size-werkstatt-masonry-3x wp-post-image\" alt=\"\" srcset=\"https:\/\/pavigesa.com\/wp-content\/uploads\/2021\/06\/adoquines-envejecidos.jpg 400w, https:\/\/pavigesa.com\/wp-content\/uploads\/2021\/06\/adoquines-envejecidos-300x300.jpg 300w, https:\/\/pavigesa.com\/wp-content\/uploads\/2021\/06\/adoquines-envejecidos-100x100.jpg 100w, https:\/\/pavigesa.com\/wp-content\/uploads\/2021\/06\/adoquines-envejecidos-150x150.jpg 150w, https:\/\/pavigesa.com\/wp-content\/uploads\/2021\/06\/adoquines-envejecidos-320x320.jpg 320w, https:\/\/pavigesa.com\/wp-content\/uploads\/2021\/06\/adoquines-envejecidos-20x20.jpg 20w\" sizes=\"(max-width: 400px) 100vw, 400px\" \/>\t\t\t\t\t\t\t\t\t<\/div>\n\t\t\t\t\t\t\t\t<\/div>\n\t\t<h2><span>Sets vieillis<\/span><\/h2>\n\t\t<aside class=\"thb-categories\"><span>Chauss\u00e9es ext\u00e9rieures<\/span><\/aside>\n\t<\/div>\n<\/a>\n<a href=\"https:\/\/pavigesa.com\/fr\/producto\/adoquines-omeya\/\" class=\"columns type-portfolio medium-6 large-3 small-12 medium-6 padding-1 thb-animate-from-bottom  thb-default-small  thb-cat-pavimentos-exteriores style2 portfolio-link post-542 portfolio status-publish has-post-thumbnail hentry portfolio-category-pavimentos-exteriores\" id=\"portfolio-542\">\n\t<div class=\"portfolio-holder\">\n\t\t<div class=\"portfolio-inner thb-default-small\" style=\"padding-bottom: 80%;\">\n\t\t\t\t\t\t\t<div class=\"thb-placeholder\">\n\t\t\t\t\t<img decoding=\"async\" width=\"400\" height=\"400\" src=\"https:\/\/pavigesa.com\/wp-content\/uploads\/2021\/06\/adoquines-omeya.jpg\" class=\"attachment-werkstatt-masonry-3x size-werkstatt-masonry-3x wp-post-image\" alt=\"\" srcset=\"https:\/\/pavigesa.com\/wp-content\/uploads\/2021\/06\/adoquines-omeya.jpg 400w, https:\/\/pavigesa.com\/wp-content\/uploads\/2021\/06\/adoquines-omeya-300x300.jpg 300w, https:\/\/pavigesa.com\/wp-content\/uploads\/2021\/06\/adoquines-omeya-100x100.jpg 100w, https:\/\/pavigesa.com\/wp-content\/uploads\/2021\/06\/adoquines-omeya-150x150.jpg 150w, https:\/\/pavigesa.com\/wp-content\/uploads\/2021\/06\/adoquines-omeya-320x320.jpg 320w, https:\/\/pavigesa.com\/wp-content\/uploads\/2021\/06\/adoquines-omeya-20x20.jpg 20w\" sizes=\"(max-width: 400px) 100vw, 400px\" \/>\t\t\t\t\t\t\t\t\t<\/div>\n\t\t\t\t\t\t\t\t<\/div>\n\t\t<h2><span>Pav\u00e9s omeyyades<\/span><\/h2>\n\t\t<aside class=\"thb-categories\"><span>Chauss\u00e9es ext\u00e9rieures<\/span><\/aside>\n\t<\/div>\n<\/a>\n<a href=\"https:\/\/pavigesa.com\/fr\/producto\/adoquines-rusticos\/\" class=\"columns type-portfolio medium-6 large-3 small-12 medium-6 padding-1 thb-animate-from-bottom  thb-default-small  thb-cat-pavimentos-exteriores style2 portfolio-link post-554 portfolio status-publish has-post-thumbnail hentry portfolio-category-pavimentos-exteriores\" id=\"portfolio-554\">\n\t<div class=\"portfolio-holder\">\n\t\t<div class=\"portfolio-inner thb-default-small\" style=\"padding-bottom: 80%;\">\n\t\t\t\t\t\t\t<div class=\"thb-placeholder\">\n\t\t\t\t\t<img decoding=\"async\" width=\"400\" height=\"400\" src=\"https:\/\/pavigesa.com\/wp-content\/uploads\/2021\/06\/adoquines-rusticos.jpg\" class=\"attachment-werkstatt-masonry-3x size-werkstatt-masonry-3x wp-post-image\" alt=\"\" srcset=\"https:\/\/pavigesa.com\/wp-content\/uploads\/2021\/06\/adoquines-rusticos.jpg 400w, https:\/\/pavigesa.com\/wp-content\/uploads\/2021\/06\/adoquines-rusticos-300x300.jpg 300w, https:\/\/pavigesa.com\/wp-content\/uploads\/2021\/06\/adoquines-rusticos-100x100.jpg 100w, https:\/\/pavigesa.com\/wp-content\/uploads\/2021\/06\/adoquines-rusticos-150x150.jpg 150w, https:\/\/pavigesa.com\/wp-content\/uploads\/2021\/06\/adoquines-rusticos-320x320.jpg 320w, https:\/\/pavigesa.com\/wp-content\/uploads\/2021\/06\/adoquines-rusticos-20x20.jpg 20w\" sizes=\"(max-width: 400px) 100vw, 400px\" \/>\t\t\t\t\t\t\t\t\t<\/div>\n\t\t\t\t\t\t\t\t<\/div>\n\t\t<h2><span>Pav\u00e9s rustiques<\/span><\/h2>\n\t\t<aside class=\"thb-categories\"><span>Chauss\u00e9es ext\u00e9rieures<\/span><\/aside>\n\t<\/div>\n<\/a>\n<a href=\"https:\/\/pavigesa.com\/fr\/producto\/serie-viana\/\" class=\"columns type-portfolio medium-6 large-3 small-12 medium-6 padding-1 thb-animate-from-bottom  thb-default-small  thb-cat-pavimentos-exteriores style2 portfolio-link post-561 portfolio status-publish has-post-thumbnail hentry portfolio-category-pavimentos-exteriores\" id=\"portfolio-561\">\n\t<div class=\"portfolio-holder\">\n\t\t<div class=\"portfolio-inner thb-default-small\" style=\"padding-bottom: 80%;\">\n\t\t\t\t\t\t\t<div class=\"thb-placeholder\">\n\t\t\t\t\t<img decoding=\"async\" width=\"400\" height=\"400\" src=\"https:\/\/pavigesa.com\/wp-content\/uploads\/2021\/06\/serie-viana.jpg\" class=\"attachment-werkstatt-masonry-3x size-werkstatt-masonry-3x wp-post-image\" alt=\"\" srcset=\"https:\/\/pavigesa.com\/wp-content\/uploads\/2021\/06\/serie-viana.jpg 400w, https:\/\/pavigesa.com\/wp-content\/uploads\/2021\/06\/serie-viana-300x300.jpg 300w, https:\/\/pavigesa.com\/wp-content\/uploads\/2021\/06\/serie-viana-100x100.jpg 100w, https:\/\/pavigesa.com\/wp-content\/uploads\/2021\/06\/serie-viana-150x150.jpg 150w, https:\/\/pavigesa.com\/wp-content\/uploads\/2021\/06\/serie-viana-320x320.jpg 320w, https:\/\/pavigesa.com\/wp-content\/uploads\/2021\/06\/serie-viana-20x20.jpg 20w\" sizes=\"(max-width: 400px) 100vw, 400px\" \/>\t\t\t\t\t\t\t\t\t<\/div>\n\t\t\t\t\t\t\t\t<\/div>\n\t\t<h2><span>S\u00e9rie Viana<\/span><\/h2>\n\t\t<aside class=\"thb-categories\"><span>Chauss\u00e9es ext\u00e9rieures<\/span><\/aside>\n\t<\/div>\n<\/a>\n<a href=\"https:\/\/pavigesa.com\/fr\/producto\/peldanos\/\" class=\"columns type-portfolio medium-6 large-3 small-12 medium-6 padding-1 thb-animate-from-bottom  thb-default-small  thb-cat-pavimentos-exteriores style2 portfolio-link post-602 portfolio status-publish has-post-thumbnail hentry portfolio-category-pavimentos-exteriores\" id=\"portfolio-602\">\n\t<div class=\"portfolio-holder\">\n\t\t<div class=\"portfolio-inner thb-default-small\" style=\"padding-bottom: 80%;\">\n\t\t\t\t\t\t\t<div class=\"thb-placeholder\">\n\t\t\t\t\t<img decoding=\"async\" width=\"400\" height=\"400\" src=\"https:\/\/pavigesa.com\/wp-content\/uploads\/2021\/07\/peldanos.jpg\" class=\"attachment-werkstatt-masonry-3x size-werkstatt-masonry-3x wp-post-image\" alt=\"\" srcset=\"https:\/\/pavigesa.com\/wp-content\/uploads\/2021\/07\/peldanos.jpg 400w, https:\/\/pavigesa.com\/wp-content\/uploads\/2021\/07\/peldanos-300x300.jpg 300w, https:\/\/pavigesa.com\/wp-content\/uploads\/2021\/07\/peldanos-100x100.jpg 100w, https:\/\/pavigesa.com\/wp-content\/uploads\/2021\/07\/peldanos-150x150.jpg 150w, https:\/\/pavigesa.com\/wp-content\/uploads\/2021\/07\/peldanos-320x320.jpg 320w, https:\/\/pavigesa.com\/wp-content\/uploads\/2021\/07\/peldanos-20x20.jpg 20w\" sizes=\"(max-width: 400px) 100vw, 400px\" \/>\t\t\t\t\t\t\t\t\t<\/div>\n\t\t\t\t\t\t\t\t<\/div>\n\t\t<h2><span>\u00c9tapes<\/span><\/h2>\n\t\t<aside class=\"thb-categories\"><span>Chauss\u00e9es ext\u00e9rieures<\/span><\/aside>\n\t<\/div>\n<\/a>\n<a href=\"https:\/\/pavigesa.com\/fr\/producto\/losas-gran-formato\/\" class=\"columns type-portfolio medium-6 large-3 small-12 medium-6 padding-1 thb-animate-from-bottom  thb-default-small  thb-cat-pavimentos-exteriores style2 portfolio-link post-582 portfolio status-publish has-post-thumbnail hentry portfolio-category-pavimentos-exteriores\" id=\"portfolio-582\">\n\t<div class=\"portfolio-holder\">\n\t\t<div class=\"portfolio-inner thb-default-small\" style=\"padding-bottom: 80%;\">\n\t\t\t\t\t\t\t<div class=\"thb-placeholder\">\n\t\t\t\t\t<img decoding=\"async\" width=\"400\" height=\"400\" src=\"https:\/\/pavigesa.com\/wp-content\/uploads\/2021\/06\/losas-de-gran-formato.jpg\" class=\"attachment-werkstatt-masonry-3x size-werkstatt-masonry-3x wp-post-image\" alt=\"\" srcset=\"https:\/\/pavigesa.com\/wp-content\/uploads\/2021\/06\/losas-de-gran-formato.jpg 400w, https:\/\/pavigesa.com\/wp-content\/uploads\/2021\/06\/losas-de-gran-formato-300x300.jpg 300w, https:\/\/pavigesa.com\/wp-content\/uploads\/2021\/06\/losas-de-gran-formato-100x100.jpg 100w, https:\/\/pavigesa.com\/wp-content\/uploads\/2021\/06\/losas-de-gran-formato-150x150.jpg 150w, https:\/\/pavigesa.com\/wp-content\/uploads\/2021\/06\/losas-de-gran-formato-320x320.jpg 320w, https:\/\/pavigesa.com\/wp-content\/uploads\/2021\/06\/losas-de-gran-formato-20x20.jpg 20w\" sizes=\"(max-width: 400px) 100vw, 400px\" \/>\t\t\t\t\t\t\t\t\t<\/div>\n\t\t\t\t\t\t\t\t<\/div>\n\t\t<h2><span>Dalles de grand format<\/span><\/h2>\n\t\t<aside class=\"thb-categories\"><span>Chauss\u00e9es ext\u00e9rieures<\/span><\/aside>\n\t<\/div>\n<\/a>\n<a href=\"https:\/\/pavigesa.com\/fr\/producto\/adoquin-helice\/\" class=\"columns type-portfolio medium-6 large-3 small-12 medium-6 padding-1 thb-animate-from-bottom  thb-default-small  thb-cat-pavimentos-exteriores style2 portfolio-link post-574 portfolio status-publish has-post-thumbnail hentry portfolio-category-pavimentos-exteriores\" id=\"portfolio-574\">\n\t<div class=\"portfolio-holder\">\n\t\t<div class=\"portfolio-inner thb-default-small\" style=\"padding-bottom: 80%;\">\n\t\t\t\t\t\t\t<div class=\"thb-placeholder\">\n\t\t\t\t\t<img decoding=\"async\" width=\"400\" height=\"400\" src=\"https:\/\/pavigesa.com\/wp-content\/uploads\/2021\/06\/losa-elice.jpg\" class=\"attachment-werkstatt-masonry-3x size-werkstatt-masonry-3x wp-post-image\" alt=\"\" srcset=\"https:\/\/pavigesa.com\/wp-content\/uploads\/2021\/06\/losa-elice.jpg 400w, https:\/\/pavigesa.com\/wp-content\/uploads\/2021\/06\/losa-elice-300x300.jpg 300w, https:\/\/pavigesa.com\/wp-content\/uploads\/2021\/06\/losa-elice-100x100.jpg 100w, https:\/\/pavigesa.com\/wp-content\/uploads\/2021\/06\/losa-elice-150x150.jpg 150w, https:\/\/pavigesa.com\/wp-content\/uploads\/2021\/06\/losa-elice-320x320.jpg 320w, https:\/\/pavigesa.com\/wp-content\/uploads\/2021\/06\/losa-elice-20x20.jpg 20w\" sizes=\"(max-width: 400px) 100vw, 400px\" \/>\t\t\t\t\t\t\t\t\t<\/div>\n\t\t\t\t\t\t\t\t<\/div>\n\t\t<h2><span>Mod\u00e8les personnalis\u00e9s<\/span><\/h2>\n\t\t<aside class=\"thb-categories\"><span>Chauss\u00e9es ext\u00e9rieures<\/span><\/aside>\n\t<\/div>\n<\/a>\n\t\t\t\t\t\t<div class=\"thb-preloader\"><svg class=\"thb-preloader-icon-hexagon\" width=\"51\" height=\"55\" viewbox=\"0 0 34 38\"><path class=\"preloader-path\" stroke=\"#ef173b\" stroke-dasharray=\"70 32\" stroke-width=\"2\" stroke-linejoin=\"round\" stroke-dashoffset=\"0\" d=\"M29.437 8.114L19.35 2.132c-1.473-.86-3.207-.86-4.68 0L4.153 8.114C2.68 8.974 1.5 10.56 1.5 12.28v11.964c0 1.718 1.22 3.306 2.69 4.165l10.404 5.98c1.47.86 3.362.86 4.834 0l9.97-5.98c1.472-.86 2.102-2.45 2.102-4.168V12.28c0-1.72-.59-3.306-2.063-4.166z\"><\/path><\/svg><\/div>\n\t\t\t\t\t<\/div>\n\t\t\t\t<\/div><\/div><\/div><\/div>","protected":false},"excerpt":{"rendered":"REV\u00caTEMENTS DE SOLS EXT\u00c9RIEURS &gt; REV\u00caTEMENTS DE SOLS SUR MESURE La d\u00e9finition de ce pav\u00e9 est similaire \u00e0 ce que l'on appelle dans d'autres secteurs la \"haute couture\". Il s'agit d'un produit fabriqu\u00e9 sur mesure pour le client. Nous sommes pionniers dans l'utilisation de moules g\u00e9om\u00e9triques dans le b\u00e9ton pr\u00e9fabriqu\u00e9, de sorte que gr\u00e2ce \u00e0 cette technique, nous pouvons...","protected":false},"author":1,"featured_media":0,"parent":0,"menu_order":0,"comment_status":"closed","ping_status":"closed","template":"","meta":{"footnotes":"","_links_to":"","_links_to_target":""},"class_list":["post-271","page","type-page","status-publish","hentry"],"yoast_head":"<!-- This site is optimized with the Yoast SEO plugin v26.7 - https:\/\/yoast.com\/wordpress\/plugins\/seo\/ -->\n<title>portfolio - Pavigesa<\/title>\n<meta name=\"robots\" content=\"index, follow, max-snippet:-1, max-image-preview:large, max-video-preview:-1\" \/>\n<link rel=\"canonical\" href=\"https:\/\/pavigesa.com\/fr\/portfolio\/\" \/>\n<meta property=\"og:locale\" content=\"fr_FR\" \/>\n<meta property=\"og:type\" content=\"article\" \/>\n<meta property=\"og:title\" content=\"portfolio - Pavigesa\" \/>\n<meta property=\"og:url\" content=\"https:\/\/pavigesa.com\/fr\/portfolio\/\" \/>\n<meta property=\"og:site_name\" content=\"Pavigesa\" \/>\n<meta property=\"article:modified_time\" content=\"2022-07-12T10:17:49+00:00\" \/>\n<meta name=\"twitter:card\" content=\"summary_large_image\" \/>\n<script type=\"application\/ld+json\" class=\"yoast-schema-graph\">{\"@context\":\"https:\/\/schema.org\",\"@graph\":[{\"@type\":\"WebPage\",\"@id\":\"https:\/\/pavigesa.com\/portfolio\/\",\"url\":\"https:\/\/pavigesa.com\/portfolio\/\",\"name\":\"portfolio - Pavigesa\",\"isPartOf\":{\"@id\":\"https:\/\/pavigesa.com\/#website\"},\"datePublished\":\"2021-06-21T07:57:21+00:00\",\"dateModified\":\"2022-07-12T10:17:49+00:00\",\"breadcrumb\":{\"@id\":\"https:\/\/pavigesa.com\/portfolio\/#breadcrumb\"},\"inLanguage\":\"fr-FR\",\"potentialAction\":[{\"@type\":\"ReadAction\",\"target\":[\"https:\/\/pavigesa.com\/portfolio\/\"]}]},{\"@type\":\"BreadcrumbList\",\"@id\":\"https:\/\/pavigesa.com\/portfolio\/#breadcrumb\",\"itemListElement\":[{\"@type\":\"ListItem\",\"position\":1,\"name\":\"Portada\",\"item\":\"https:\/\/pavigesa.com\/\"},{\"@type\":\"ListItem\",\"position\":2,\"name\":\"Contenido restringido\"}]},{\"@type\":\"WebSite\",\"@id\":\"https:\/\/pavigesa.com\/#website\",\"url\":\"https:\/\/pavigesa.com\/\",\"name\":\"Pavigesa\",\"description\":\"Construimos entornos urbanos de calidad\",\"potentialAction\":[{\"@type\":\"SearchAction\",\"target\":{\"@type\":\"EntryPoint\",\"urlTemplate\":\"https:\/\/pavigesa.com\/?s={search_term_string}\"},\"query-input\":{\"@type\":\"PropertyValueSpecification\",\"valueRequired\":true,\"valueName\":\"search_term_string\"}}],\"inLanguage\":\"fr-FR\"}]}<\/script>\n<!-- \/ Yoast SEO plugin. -->","yoast_head_json":{"title":"portfolio - Pavigesa","robots":{"index":"index","follow":"follow","max-snippet":"max-snippet:-1","max-image-preview":"max-image-preview:large","max-video-preview":"max-video-preview:-1"},"canonical":"https:\/\/pavigesa.com\/fr\/portfolio\/","og_locale":"fr_FR","og_type":"article","og_title":"portfolio - Pavigesa","og_url":"https:\/\/pavigesa.com\/fr\/portfolio\/","og_site_name":"Pavigesa","article_modified_time":"2022-07-12T10:17:49+00:00","twitter_card":"summary_large_image","schema":{"@context":"https:\/\/schema.org","@graph":[{"@type":"WebPage","@id":"https:\/\/pavigesa.com\/portfolio\/","url":"https:\/\/pavigesa.com\/portfolio\/","name":"portfolio - Pavigesa","isPartOf":{"@id":"https:\/\/pavigesa.com\/#website"},"datePublished":"2021-06-21T07:57:21+00:00","dateModified":"2022-07-12T10:17:49+00:00","breadcrumb":{"@id":"https:\/\/pavigesa.com\/portfolio\/#breadcrumb"},"inLanguage":"fr-FR","potentialAction":[{"@type":"ReadAction","target":["https:\/\/pavigesa.com\/portfolio\/"]}]},{"@type":"BreadcrumbList","@id":"https:\/\/pavigesa.com\/portfolio\/#breadcrumb","itemListElement":[{"@type":"ListItem","position":1,"name":"Portada","item":"https:\/\/pavigesa.com\/"},{"@type":"ListItem","position":2,"name":"Contenido restringido"}]},{"@type":"WebSite","@id":"https:\/\/pavigesa.com\/#website","url":"https:\/\/pavigesa.com\/","name":"Pavigesa","description":"Construire des environnements urbains de qualit\u00e9","potentialAction":[{"@type":"SearchAction","target":{"@type":"EntryPoint","urlTemplate":"https:\/\/pavigesa.com\/?s={search_term_string}"},"query-input":{"@type":"PropertyValueSpecification","valueRequired":true,"valueName":"search_term_string"}}],"inLanguage":"fr-FR"}]}},"_links":{"self":[{"href":"https:\/\/pavigesa.com\/fr\/wp-json\/wp\/v2\/pages\/271","targetHints":{"allow":["GET"]}}],"collection":[{"href":"https:\/\/pavigesa.com\/fr\/wp-json\/wp\/v2\/pages"}],"about":[{"href":"https:\/\/pavigesa.com\/fr\/wp-json\/wp\/v2\/types\/page"}],"author":[{"embeddable":true,"href":"https:\/\/pavigesa.com\/fr\/wp-json\/wp\/v2\/users\/1"}],"replies":[{"embeddable":true,"href":"https:\/\/pavigesa.com\/fr\/wp-json\/wp\/v2\/comments?post=271"}],"version-history":[{"count":14,"href":"https:\/\/pavigesa.com\/fr\/wp-json\/wp\/v2\/pages\/271\/revisions"}],"predecessor-version":[{"id":3366,"href":"https:\/\/pavigesa.com\/fr\/wp-json\/wp\/v2\/pages\/271\/revisions\/3366"}],"wp:attachment":[{"href":"https:\/\/pavigesa.com\/fr\/wp-json\/wp\/v2\/media?parent=271"}],"curies":[{"name":"wp","href":"https:\/\/api.w.org\/{rel}","templated":true}]}}