{"id":2052,"date":"2021-08-31T08:54:23","date_gmt":"2021-08-31T08:54:23","guid":{"rendered":"https:\/\/pavigesa.com\/?page_id=2052"},"modified":"2021-09-20T14:03:22","modified_gmt":"2021-09-20T14:03:22","slug":"econature","status":"publish","type":"page","link":"https:\/\/pavigesa.com\/fr\/econature\/","title":{"rendered":"\u00e9conature"},"content":{"rendered":"<div data-midnight=\"dark-title\" class=\"row wpb_row row-fluid full-width-row vc_custom_1630400111510 row-has-fill\"><div class=\"wpb_column columns medium-12 thb-dark-column small-12\"><div class=\"vc_column-inner\"><div class=\"wpb_wrapper\"><div class=\"row wpb_row vc_inner row-fluid max_width\"><div class=\"wpb_column columns medium-6 thb-dark-column small-12\"><div class=\"vc_column-inner\"><div class=\"wpb_wrapper\">\t<div id=\"thb-autotype-57\" class=\"thb-autotype\">\n\t\t<\/p>\n<h2><div class=\"thb-autotype-entry\" data-thb-loop=\"\" data-strings=\"[&quot;Econature by Pavigesa&quot;]\" data-speed=\"50\"><\/div><\/h2>\n<p>\t\t\t\t<style>\n\t\t\t#thb-autotype-57 .thb-autotype-entry {\n\t\t\t\tcolor: #ffffff;\n\t\t\t}\n\t\t<\/style>\n\t\t\t<\/div>\n\n\t\n\t<div class=\"wpb_text_column wpb_content_element\">\n\t\t<div class=\"wpb_wrapper\">\n\t\t\t<p class=\"brz-tp-subtitle brz-text-lg-center blanco\" style=\"text-align: left;\">D\u00e9contamination de la chauss\u00e9e.<\/p>\n\n\t\t<\/div>\n\t<\/div>\n<\/div><\/div><\/div><div class=\"wpb_column columns medium-6 thb-dark-column small-12\"><div class=\"vc_column-inner\"><div class=\"wpb_wrapper\"><\/div><\/div><\/div><\/div><\/div><\/div><\/div><\/div><div data-midnight=\"dark-title\" class=\"row wpb_row row-fluid vc_custom_1627040358692\"><div class=\"wpb_column columns medium-12 thb-dark-column small-12\"><div class=\"vc_column-inner\"><div class=\"wpb_wrapper\"><div class=\"row wpb_row vc_inner row-fluid vc_custom_1632145156132\"><div class=\"wpb_column columns medium-1\/5 thb-dark-column small-12\"><div class=\"vc_column-inner\"><div class=\"wpb_wrapper\"><\/div><\/div><\/div><div class=\"wpb_column columns medium-1\/5 thb-dark-column small-12\"><div class=\"vc_column-inner\"><div class=\"wpb_wrapper\"><\/div><\/div><\/div><div class=\"wpb_column columns medium-1\/5 thb-dark-column small-12\"><div class=\"vc_column-inner\"><div class=\"wpb_wrapper\">\n\t<div  class=\"wpb_single_image wpb_content_element vc_align_center\">\n\t\t\n\t\t<figure class=\"wpb_wrapper vc_figure\">\n\t\t\t<div class=\"vc_single_image-wrapper   vc_box_border_grey\"><img decoding=\"async\" width=\"740\" height=\"317\" src=\"https:\/\/pavigesa.com\/wp-content\/uploads\/2021\/09\/logo-econature.jpg\" class=\"vc_single_image-img attachment-full\" alt=\"\" title=\"logo econature\" srcset=\"https:\/\/pavigesa.com\/wp-content\/uploads\/2021\/09\/logo-econature.jpg 740w, https:\/\/pavigesa.com\/wp-content\/uploads\/2021\/09\/logo-econature-600x257.jpg 600w, https:\/\/pavigesa.com\/wp-content\/uploads\/2021\/09\/logo-econature-640x274.jpg 640w, https:\/\/pavigesa.com\/wp-content\/uploads\/2021\/09\/logo-econature-20x9.jpg 20w, https:\/\/pavigesa.com\/wp-content\/uploads\/2021\/09\/logo-econature-320x137.jpg 320w\" sizes=\"(max-width: 740px) 100vw, 740px\" \/><\/div>\n\t\t<\/figure>\n\t<\/div>\n<\/div><\/div><\/div><div class=\"wpb_column columns medium-1\/5 thb-dark-column small-12\"><div class=\"vc_column-inner\"><div class=\"wpb_wrapper\"><\/div><\/div><\/div><div class=\"wpb_column columns medium-1\/5 thb-dark-column small-12\"><div class=\"vc_column-inner\"><div class=\"wpb_wrapper\"><\/div><\/div><\/div><\/div><div class=\"row wpb_row vc_inner row-fluid vc_custom_1627040380327\"><div class=\"wpb_column columns medium-12 thb-dark-column small-12\"><div class=\"vc_column-inner\"><div class=\"wpb_wrapper\">\n\t<div class=\"wpb_text_column wpb_content_element\">\n\t\t<div class=\"wpb_wrapper\">\n\t\t\t<h3 style=\"text-align: center;\">Des chauss\u00e9es qui assainissent l'air de nos villes<\/h3>\n\n\t\t<\/div>\n\t<\/div>\n<\/div><\/div><\/div><\/div><div class=\"row wpb_row vc_inner row-fluid row-o-content-middle row-flex\"><div class=\"wpb_column columns medium-6 thb-dark-column small-12\"><div class=\"vc_column-inner  vc_custom_1632145628172\"><div class=\"wpb_wrapper\">\n\t<div class=\"wpb_text_column wpb_content_element   vc_custom_1632145598615\">\n\t\t<div class=\"wpb_wrapper\">\n\t\t\t<p>Les sources d'\u00e9nergie sont une cl\u00e9 indispensable au d\u00e9veloppement \u00e9conomique mondial. Aujourd'hui, malgr\u00e9 le d\u00e9veloppement progressif des sources d'\u00e9nergie renouvelables, l'utilisation des combustibles fossiles reste in\u00e9vitable. Pour cette raison, il est essentiel de concevoir et de d\u00e9velopper de nouvelles technologies qui minimisent et nettoient l'impact environnemental des \u00e9missions gazeuses nocives pour l'homme, principalement g\u00e9n\u00e9r\u00e9es par la combustion des automobiles et des industries.<\/p>\n\n\t\t<\/div>\n\t<\/div>\n\n\t<div class=\"wpb_text_column wpb_content_element\">\n\t\t<div class=\"wpb_wrapper\">\n\t\t\t<p>Pour ces raisons, en raison de notre d\u00e9sir de laisser un monde meilleur aux nouvelles g\u00e9n\u00e9rations et li\u00e9s par notre responsabilit\u00e9 d'offrir des \u00e9l\u00e9ments qui am\u00e9liorent nos environnements non seulement d'un point de vue esth\u00e9tique, Pavigesa pr\u00e9sente une solution innovante de rev\u00eatement de sol photocatalytique, appel\u00e9e Econature\u00ae. Le pavage Econature\u00ae est le r\u00e9sultat du d\u00e9veloppement de notre R&amp;D&amp;I, qui a abouti \u00e0 une nouvelle gamme de pavage capable de d\u00e9contaminer l'air partout o\u00f9 il est pos\u00e9.<\/p>\n\n\t\t<\/div>\n\t<\/div>\n<\/div><\/div><\/div><div class=\"wpb_column columns medium-6 thb-dark-column small-12\"><div class=\"vc_column-inner\"><div class=\"wpb_wrapper\">\n\t<div  class=\"wpb_single_image wpb_content_element vc_align_left\">\n\t\t\n\t\t<figure class=\"wpb_wrapper vc_figure\">\n\t\t\t<div class=\"vc_single_image-wrapper   vc_box_border_grey\"><img decoding=\"async\" width=\"2257\" height=\"1841\" src=\"https:\/\/pavigesa.com\/wp-content\/uploads\/2021\/09\/econature.jpg\" class=\"vc_single_image-img attachment-full\" alt=\"\" title=\"\u00e9conature\" srcset=\"https:\/\/pavigesa.com\/wp-content\/uploads\/2021\/09\/econature.jpg 2257w, https:\/\/pavigesa.com\/wp-content\/uploads\/2021\/09\/econature-600x489.jpg 600w, https:\/\/pavigesa.com\/wp-content\/uploads\/2021\/09\/econature-1024x835.jpg 1024w, https:\/\/pavigesa.com\/wp-content\/uploads\/2021\/09\/econature-768x626.jpg 768w, https:\/\/pavigesa.com\/wp-content\/uploads\/2021\/09\/econature-1536x1253.jpg 1536w, https:\/\/pavigesa.com\/wp-content\/uploads\/2021\/09\/econature-2048x1671.jpg 2048w, https:\/\/pavigesa.com\/wp-content\/uploads\/2021\/09\/econature-640x522.jpg 640w, https:\/\/pavigesa.com\/wp-content\/uploads\/2021\/09\/econature-320x261.jpg 320w, https:\/\/pavigesa.com\/wp-content\/uploads\/2021\/09\/econature-1280x1044.jpg 1280w, https:\/\/pavigesa.com\/wp-content\/uploads\/2021\/09\/econature-1920x1566.jpg 1920w, https:\/\/pavigesa.com\/wp-content\/uploads\/2021\/09\/econature-20x15.jpg 20w\" sizes=\"(max-width: 2257px) 100vw, 2257px\" \/><\/div>\n\t\t<\/figure>\n\t<\/div>\n<\/div><\/div><\/div><\/div><\/div><\/div><\/div><\/div><div data-midnight=\"dark-title\" class=\"row wpb_row row-fluid full-width-row vc_custom_1632146600227 row-has-fill\"><div class=\"wpb_column columns medium-1\/5 thb-dark-column small-12\"><div class=\"vc_column-inner\"><div class=\"wpb_wrapper\"><\/div><\/div><\/div><div class=\"wpb_column columns medium-1\/5 thb-dark-column small-12\"><div class=\"vc_column-inner\"><div class=\"wpb_wrapper\">\n\t<div  class=\"wpb_single_image wpb_content_element vc_align_center\">\n\t\t\n\t\t<figure class=\"wpb_wrapper vc_figure\">\n\t\t\t<div class=\"vc_single_image-wrapper   vc_box_border_grey\"><img decoding=\"async\" width=\"150\" height=\"252\" src=\"https:\/\/pavigesa.com\/wp-content\/uploads\/2021\/08\/iso-9001.png\" class=\"vc_single_image-img attachment-full\" alt=\"\" title=\"iso-9001\" srcset=\"https:\/\/pavigesa.com\/wp-content\/uploads\/2021\/08\/iso-9001.png 150w, https:\/\/pavigesa.com\/wp-content\/uploads\/2021\/08\/iso-9001-20x34.png 20w\" sizes=\"(max-width: 150px) 100vw, 150px\" \/><\/div>\n\t\t<\/figure>\n\t<\/div>\n<\/div><\/div><\/div><div class=\"wpb_column columns medium-1\/5 thb-dark-column small-12\"><div class=\"vc_column-inner\"><div class=\"wpb_wrapper\">\n\t<div  class=\"wpb_single_image wpb_content_element vc_align_center\">\n\t\t\n\t\t<figure class=\"wpb_wrapper vc_figure\">\n\t\t\t<div class=\"vc_single_image-wrapper   vc_box_border_grey\"><img decoding=\"async\" width=\"150\" height=\"252\" src=\"https:\/\/pavigesa.com\/wp-content\/uploads\/2021\/08\/iso-14001.png\" class=\"vc_single_image-img attachment-full\" alt=\"\" title=\"iso-14001\" srcset=\"https:\/\/pavigesa.com\/wp-content\/uploads\/2021\/08\/iso-14001.png 150w, https:\/\/pavigesa.com\/wp-content\/uploads\/2021\/08\/iso-14001-20x34.png 20w\" sizes=\"(max-width: 150px) 100vw, 150px\" \/><\/div>\n\t\t<\/figure>\n\t<\/div>\n<\/div><\/div><\/div><div class=\"wpb_column columns medium-1\/5 thb-dark-column small-12\"><div class=\"vc_column-inner\"><div class=\"wpb_wrapper\">\n\t<div  class=\"wpb_single_image wpb_content_element vc_align_center\">\n\t\t\n\t\t<figure class=\"wpb_wrapper vc_figure\">\n\t\t\t<div class=\"vc_single_image-wrapper   vc_box_border_grey\"><img decoding=\"async\" width=\"300\" height=\"300\" src=\"https:\/\/pavigesa.com\/wp-content\/uploads\/2021\/08\/iQNEt.png\" class=\"vc_single_image-img attachment-full\" alt=\"\" title=\"iQNEt\" srcset=\"https:\/\/pavigesa.com\/wp-content\/uploads\/2021\/08\/iQNEt.png 300w, https:\/\/pavigesa.com\/wp-content\/uploads\/2021\/08\/iQNEt-100x100.png 100w, https:\/\/pavigesa.com\/wp-content\/uploads\/2021\/08\/iQNEt-150x150.png 150w, https:\/\/pavigesa.com\/wp-content\/uploads\/2021\/08\/iQNEt-20x20.png 20w\" sizes=\"(max-width: 300px) 100vw, 300px\" \/><\/div>\n\t\t<\/figure>\n\t<\/div>\n<\/div><\/div><\/div><div class=\"wpb_column columns medium-1\/5 thb-dark-column small-12\"><div class=\"vc_column-inner\"><div class=\"wpb_wrapper\"><\/div><\/div><\/div><\/div>","protected":false},"excerpt":{"rendered":"D\u00e9contamination de la chauss\u00e9e. Des chauss\u00e9es qui assainissent l'air de nos villes Les sources d'\u00e9nergie sont une cl\u00e9 indispensable au d\u00e9veloppement \u00e9conomique mondial. Aujourd'hui, malgr\u00e9 le d\u00e9veloppement progressif des sources d'\u00e9nergie renouvelables, l'utilisation des combustibles fossiles reste in\u00e9vitable. Pour cette raison, il est essentiel de concevoir et de d\u00e9velopper...","protected":false},"author":1,"featured_media":0,"parent":0,"menu_order":0,"comment_status":"closed","ping_status":"closed","template":"","meta":{"footnotes":"","_links_to":"","_links_to_target":""},"class_list":["post-2052","page","type-page","status-publish","hentry"],"yoast_head":"<!-- This site is optimized with the Yoast SEO plugin v26.7 - https:\/\/yoast.com\/wordpress\/plugins\/seo\/ -->\n<title>econature - Pavigesa<\/title>\n<meta name=\"robots\" content=\"index, follow, max-snippet:-1, max-image-preview:large, max-video-preview:-1\" \/>\n<link rel=\"canonical\" href=\"https:\/\/pavigesa.com\/fr\/econature\/\" \/>\n<meta property=\"og:locale\" content=\"fr_FR\" \/>\n<meta property=\"og:type\" content=\"article\" \/>\n<meta property=\"og:title\" content=\"econature - Pavigesa\" \/>\n<meta property=\"og:url\" content=\"https:\/\/pavigesa.com\/fr\/econature\/\" \/>\n<meta property=\"og:site_name\" content=\"Pavigesa\" \/>\n<meta property=\"article:modified_time\" content=\"2021-09-20T14:03:22+00:00\" \/>\n<meta name=\"twitter:card\" content=\"summary_large_image\" \/>\n<meta name=\"twitter:label1\" content=\"Dur\u00e9e de lecture estim\u00e9e\" \/>\n\t<meta name=\"twitter:data1\" content=\"2 minutes\" \/>\n<script type=\"application\/ld+json\" class=\"yoast-schema-graph\">{\"@context\":\"https:\/\/schema.org\",\"@graph\":[{\"@type\":\"WebPage\",\"@id\":\"https:\/\/pavigesa.com\/econature\/\",\"url\":\"https:\/\/pavigesa.com\/econature\/\",\"name\":\"econature - Pavigesa\",\"isPartOf\":{\"@id\":\"https:\/\/pavigesa.com\/#website\"},\"datePublished\":\"2021-08-31T08:54:23+00:00\",\"dateModified\":\"2021-09-20T14:03:22+00:00\",\"breadcrumb\":{\"@id\":\"https:\/\/pavigesa.com\/econature\/#breadcrumb\"},\"inLanguage\":\"fr-FR\",\"potentialAction\":[{\"@type\":\"ReadAction\",\"target\":[\"https:\/\/pavigesa.com\/econature\/\"]}]},{\"@type\":\"BreadcrumbList\",\"@id\":\"https:\/\/pavigesa.com\/econature\/#breadcrumb\",\"itemListElement\":[{\"@type\":\"ListItem\",\"position\":1,\"name\":\"Portada\",\"item\":\"https:\/\/pavigesa.com\/\"},{\"@type\":\"ListItem\",\"position\":2,\"name\":\"econature\"}]},{\"@type\":\"WebSite\",\"@id\":\"https:\/\/pavigesa.com\/#website\",\"url\":\"https:\/\/pavigesa.com\/\",\"name\":\"Pavigesa\",\"description\":\"Construimos entornos urbanos de calidad\",\"potentialAction\":[{\"@type\":\"SearchAction\",\"target\":{\"@type\":\"EntryPoint\",\"urlTemplate\":\"https:\/\/pavigesa.com\/?s={search_term_string}\"},\"query-input\":{\"@type\":\"PropertyValueSpecification\",\"valueRequired\":true,\"valueName\":\"search_term_string\"}}],\"inLanguage\":\"fr-FR\"}]}<\/script>\n<!-- \/ Yoast SEO plugin. -->","yoast_head_json":{"title":"econature - Pavigesa","robots":{"index":"index","follow":"follow","max-snippet":"max-snippet:-1","max-image-preview":"max-image-preview:large","max-video-preview":"max-video-preview:-1"},"canonical":"https:\/\/pavigesa.com\/fr\/econature\/","og_locale":"fr_FR","og_type":"article","og_title":"econature - Pavigesa","og_url":"https:\/\/pavigesa.com\/fr\/econature\/","og_site_name":"Pavigesa","article_modified_time":"2021-09-20T14:03:22+00:00","twitter_card":"summary_large_image","twitter_misc":{"Dur\u00e9e de lecture estim\u00e9e":"2 minutes"},"schema":{"@context":"https:\/\/schema.org","@graph":[{"@type":"WebPage","@id":"https:\/\/pavigesa.com\/econature\/","url":"https:\/\/pavigesa.com\/econature\/","name":"econature - Pavigesa","isPartOf":{"@id":"https:\/\/pavigesa.com\/#website"},"datePublished":"2021-08-31T08:54:23+00:00","dateModified":"2021-09-20T14:03:22+00:00","breadcrumb":{"@id":"https:\/\/pavigesa.com\/econature\/#breadcrumb"},"inLanguage":"fr-FR","potentialAction":[{"@type":"ReadAction","target":["https:\/\/pavigesa.com\/econature\/"]}]},{"@type":"BreadcrumbList","@id":"https:\/\/pavigesa.com\/econature\/#breadcrumb","itemListElement":[{"@type":"ListItem","position":1,"name":"Portada","item":"https:\/\/pavigesa.com\/"},{"@type":"ListItem","position":2,"name":"econature"}]},{"@type":"WebSite","@id":"https:\/\/pavigesa.com\/#website","url":"https:\/\/pavigesa.com\/","name":"Pavigesa","description":"Construire des environnements urbains de qualit\u00e9","potentialAction":[{"@type":"SearchAction","target":{"@type":"EntryPoint","urlTemplate":"https:\/\/pavigesa.com\/?s={search_term_string}"},"query-input":{"@type":"PropertyValueSpecification","valueRequired":true,"valueName":"search_term_string"}}],"inLanguage":"fr-FR"}]}},"_links":{"self":[{"href":"https:\/\/pavigesa.com\/fr\/wp-json\/wp\/v2\/pages\/2052","targetHints":{"allow":["GET"]}}],"collection":[{"href":"https:\/\/pavigesa.com\/fr\/wp-json\/wp\/v2\/pages"}],"about":[{"href":"https:\/\/pavigesa.com\/fr\/wp-json\/wp\/v2\/types\/page"}],"author":[{"embeddable":true,"href":"https:\/\/pavigesa.com\/fr\/wp-json\/wp\/v2\/users\/1"}],"replies":[{"embeddable":true,"href":"https:\/\/pavigesa.com\/fr\/wp-json\/wp\/v2\/comments?post=2052"}],"version-history":[{"count":32,"href":"https:\/\/pavigesa.com\/fr\/wp-json\/wp\/v2\/pages\/2052\/revisions"}],"predecessor-version":[{"id":2535,"href":"https:\/\/pavigesa.com\/fr\/wp-json\/wp\/v2\/pages\/2052\/revisions\/2535"}],"wp:attachment":[{"href":"https:\/\/pavigesa.com\/fr\/wp-json\/wp\/v2\/media?parent=2052"}],"curies":[{"name":"wp","href":"https:\/\/api.w.org\/{rel}","templated":true}]}}