{"id":1783,"date":"2021-08-12T09:32:32","date_gmt":"2021-08-12T09:32:32","guid":{"rendered":"https:\/\/pavigesa.com\/?page_id=1783"},"modified":"2022-12-15T09:03:58","modified_gmt":"2022-12-15T09:03:58","slug":"productos","status":"publish","type":"page","link":"https:\/\/pavigesa.com\/fr\/productos\/","title":{"rendered":"Produits"},"content":{"rendered":"<div data-midnight=\"dark-title\" class=\"row wpb_row row-fluid no-row-padding full-width-row no-column-padding\"><div class=\"wpb_column columns medium-12 thb-light-column small-12\"><div class=\"vc_column-inner\"><div class=\"wpb_wrapper\">\t\t<div class=\"thb-portfolio thb-list-portfolio thb-bg-grid thb-bg-grid-full\" id=\"portfolio-section-371\">\n\t\t\t<div class=\"thb-content-side\">\n\t\t\t\t<div class=\"row max_width\">\n\t\t\t\t\n\t\t\t\t\t<a href=\"https:\/\/pavigesa.com\/fr\/producto\/pavimentos-exteriores\/\" class=\"columns type-portfolio medium-4 large-2 small-12 medium-6 padding-1  dark-title title-center style3 portfolio-link post-60 portfolio status-publish has-post-thumbnail hentry\" id=\"portfolio-60\" data-color=\"dark-title\">\n\t<div class=\"portfolio-holder\">\n\t\t<div class=\"portfolio-content\">\n\t\t\t<h2>Chauss\u00e9es ext\u00e9rieures<\/h2>\n\t\t\t<aside class=\"thb-categories\"><\/aside>\n\t\t<\/div>\n\t<\/div>\n<\/a>\n\n\t\t\t\t\t\n\t\t\t\t\t<a href=\"https:\/\/pavigesa.com\/fr\/producto\/mobiliario-urbano\/\" class=\"columns type-portfolio medium-4 large-2 small-12 medium-6 padding-1  light-title  thb-cat-mobiliario-urbano title-center style3 portfolio-link post-69 portfolio status-publish has-post-thumbnail hentry portfolio-category-mobiliario-urbano\" id=\"portfolio-69\" data-color=\"light-title\">\n\t<div class=\"portfolio-holder\">\n\t\t<div class=\"portfolio-content\">\n\t\t\t<h2>Mobilier urbain<\/h2>\n\t\t\t<aside class=\"thb-categories\">Mobilier urbain<\/aside>\n\t\t<\/div>\n\t<\/div>\n<\/a>\n\n\t\t\t\t\t\n\t\t\t\t\t<a href=\"https:\/\/pavigesa.com\/fr\/producto\/pavimentos-de-terrazo\/\" class=\"columns type-portfolio medium-4 large-2 small-12 medium-6 padding-1  dark-title title-center style3 portfolio-link post-66 portfolio status-publish has-post-thumbnail hentry\" id=\"portfolio-66\" data-color=\"dark-title\">\n\t<div class=\"portfolio-holder\">\n\t\t<div class=\"portfolio-content\">\n\t\t\t<h2>Rev\u00eatements de sol en terrazzo<\/h2>\n\t\t\t<aside class=\"thb-categories\"><\/aside>\n\t\t<\/div>\n\t<\/div>\n<\/a>\n\n\t\t\t\t\t\n\t\t\t\t\t<a href=\"https:\/\/pavigesa.com\/fr\/producto\/muros-de-contencion-y-control-de-erosion\/\" class=\"columns type-portfolio medium-4 large-2 small-12 medium-6 padding-1  light-title  thb-cat-muros-de-contencion-y-control-de-erosion title-center style3 portfolio-link post-63 portfolio status-publish has-post-thumbnail hentry portfolio-category-muros-de-contencion-y-control-de-erosion\" id=\"portfolio-63\" data-color=\"light-title\">\n\t<div class=\"portfolio-holder\">\n\t\t<div class=\"portfolio-content\">\n\t\t\t<h2>Murs de sout\u00e8nement et de contr\u00f4le de l'\u00e9rosion<\/h2>\n\t\t\t<aside class=\"thb-categories\">Murs de sout\u00e8nement et de contr\u00f4le de l'\u00e9rosion<\/aside>\n\t\t<\/div>\n\t<\/div>\n<\/a>\n\n\t\t\t\t\t\n\t\t\t\t\t<a href=\"https:\/\/pavigesa.com\/fr\/producto\/urbanizacion\/\" class=\"columns type-portfolio medium-4 large-2 small-12 medium-6 padding-1  light-title  thb-cat-urbanizacion title-center style3 portfolio-link post-58 portfolio status-publish has-post-thumbnail hentry portfolio-category-urbanizacion\" id=\"portfolio-58\" data-color=\"light-title\">\n\t<div class=\"portfolio-holder\">\n\t\t<div class=\"portfolio-content\">\n\t\t\t<h2>Urbanisation<\/h2>\n\t\t\t<aside class=\"thb-categories\">Urbanisation<\/aside>\n\t\t<\/div>\n\t<\/div>\n<\/a>\n\n\t\t\t\t\t\n\t\t\t\t\t<a href=\"https:\/\/pavigesa.com\/fr\/producto\/edificacion\/\" class=\"columns type-portfolio medium-4 large-2 small-12 medium-6 padding-1  dark-title  thb-cat-edificacion title-center style3 portfolio-link post-56 portfolio status-publish has-post-thumbnail hentry portfolio-category-edificacion\" id=\"portfolio-56\" data-color=\"dark-title\">\n\t<div class=\"portfolio-holder\">\n\t\t<div class=\"portfolio-content\">\n\t\t\t<h2>B\u00e2timent<\/h2>\n\t\t\t<aside class=\"thb-categories\">B\u00e2timent<\/aside>\n\t\t<\/div>\n\t<\/div>\n<\/a>\n\n\t\t\t\t\t\n\t\t\t\t\t<a href=\"https:\/\/pavigesa.com\/fr\/producto\/geoceramica\/\" class=\"columns type-portfolio medium-4 large-2 small-12 medium-6 padding-1  dark-title  thb-cat-geoceramica title-center style3 portfolio-link post-3470 portfolio status-publish has-post-thumbnail hentry portfolio-category-geoceramica\" id=\"portfolio-3470\" data-color=\"dark-title\">\n\t<div class=\"portfolio-holder\">\n\t\t<div class=\"portfolio-content\">\n\t\t\t<h2>G\u00e9oc\u00e9ramique<\/h2>\n\t\t\t<aside class=\"thb-categories\">G\u00e9oC\u00e9ramique<\/aside>\n\t\t<\/div>\n\t<\/div>\n<\/a>\n\n\t\t\t\t\t\n\t\t\t\t\t<a href=\"https:\/\/pavigesa.com\/fr\/producto\/geoproarte\/\" class=\"columns type-portfolio medium-4 large-2 small-12 medium-6 padding-1  dark-title  thb-cat-geoceramica title-center style3 portfolio-link post-3580 portfolio status-publish has-post-thumbnail hentry portfolio-category-geoceramica\" id=\"portfolio-3580\" data-color=\"dark-title\">\n\t<div class=\"portfolio-holder\">\n\t\t<div class=\"portfolio-content\">\n\t\t\t<h2>GeoProarte<\/h2>\n\t\t\t<aside class=\"thb-categories\">G\u00e9oC\u00e9ramique<\/aside>\n\t\t<\/div>\n\t<\/div>\n<\/a>\n\n\t\t\t\t\t\t\t\t\t<\/div>\n\t\t\t<\/div>\n\t\t\t<div class=\"thb-image-side\">\n\t\t\t\t\n\t\t\t\t\t \t<div class=\"portfolio-image\" style=\"background-image:url(https:\/\/pavigesa.com\/wp-content\/uploads\/2021\/06\/Alameda-1-1.jpg)\"><\/div>\n\t\t\t\t\t \t<div class=\"portfolio-image\" style=\"background-image:url(https:\/\/pavigesa.com\/wp-content\/uploads\/2021\/06\/mob04-1.jpg)\"><\/div>\n\t\t\t\t\t \t<div class=\"portfolio-image\" style=\"background-image:url(https:\/\/pavigesa.com\/wp-content\/uploads\/2021\/06\/IMG_2078-1.jpg)\"><\/div>\n\t\t\t\t\t \t<div class=\"portfolio-image\" style=\"background-image:url(https:\/\/pavigesa.com\/wp-content\/uploads\/2021\/06\/regency-4.jpg)\"><\/div>\n\t\t\t\t\t \t<div class=\"portfolio-image\" style=\"background-image:url(https:\/\/pavigesa.com\/wp-content\/uploads\/2021\/06\/29-scaled-1.jpg)\"><\/div>\n\t\t\t\t\t \t<div class=\"portfolio-image\" style=\"background-image:url(https:\/\/pavigesa.com\/wp-content\/uploads\/2021\/06\/edificacion-foto.jpg)\"><\/div>\n\t\t\t\t\t \t<div class=\"portfolio-image\" style=\"background-image:url(https:\/\/pavigesa.com\/wp-content\/uploads\/2022\/12\/GeoCeramica-sierbestrating-Copper-Steel.jpg)\"><\/div>\n\t\t\t\t\t \t<div class=\"portfolio-image\" style=\"background-image:url(https:\/\/pavigesa.com\/wp-content\/uploads\/2022\/12\/upload-e16dfda0-415b-4cd7-8005-533b4735b7fc-3-scaled.webp)\"><\/div>\t\t\t<\/div>\n\t\t\t\t\t\t<div class=\"thb-preloader\"><svg class=\"thb-preloader-icon-hexagon\" width=\"51\" height=\"55\" viewbox=\"0 0 34 38\"><path class=\"preloader-path\" stroke=\"#ef173b\" stroke-dasharray=\"70 32\" stroke-width=\"2\" stroke-linejoin=\"round\" stroke-dashoffset=\"0\" d=\"M29.437 8.114L19.35 2.132c-1.473-.86-3.207-.86-4.68 0L4.153 8.114C2.68 8.974 1.5 10.56 1.5 12.28v11.964c0 1.718 1.22 3.306 2.69 4.165l10.404 5.98c1.47.86 3.362.86 4.834 0l9.97-5.98c1.472-.86 2.102-2.45 2.102-4.168V12.28c0-1.72-.59-3.306-2.063-4.166z\"><\/path><\/svg><\/div>\n\t\t\t\t\t<\/div>\n\t\t<\/div><\/div><\/div><\/div><div data-midnight=\"dark-title\" class=\"row wpb_row row-fluid no-row-padding full-width-row no-column-padding row-o-content-middle row-flex\"><div class=\"wpb_column columns medium-6 thb-dark-column has-fill small-12\"><div class=\"vc_column-inner   vc_custom_1623933967407\"><div class=\"wpb_wrapper\">\n\t<div class=\"wpb_text_column wpb_content_element\">\n\t\t<div class=\"wpb_wrapper\">\n\t\t\t<h3 class=\"blanco\" style=\"text-align: center;\">Besoin d'aide ?<\/h3>\n\n\t\t<\/div>\n\t<\/div>\n\n\t<div class=\"wpb_text_column wpb_content_element\">\n\t\t<div class=\"wpb_wrapper\">\n\t\t\t<p class=\"blanco\" style=\"text-align: center;\">Contactez-nous et nous vous conseillerons sur tout ce dont vous avez besoin.<\/p>\n\n\t\t<\/div>\n\t<\/div>\n<\/div><\/div><\/div><div class=\"wpb_column columns medium-6 thb-dark-column has-fill small-12\"><div class=\"vc_column-inner   vc_custom_1623933972655\"><div class=\"wpb_wrapper\">\n\t<div class=\"wpb_text_column wpb_content_element\">\n\t\t<div class=\"wpb_wrapper\">\n\t\t\t<h3 class=\"blanco\" style=\"text-align: center;\">D\u00e9l\u00e9gations<\/h3>\n\n\t\t<\/div>\n\t<\/div>\n\n\t<div class=\"wpb_text_column wpb_content_element\">\n\t\t<div class=\"wpb_wrapper\">\n\t\t\t<p class=\"blanco\" style=\"text-align: center;\">Nous sommes \u00e0 vos c\u00f4t\u00e9s.<\/p>\n<p class=\"blanco\" style=\"text-align: center;\">A tout moment.<\/p>\n\n\t\t<\/div>\n\t<\/div>\n<\/div><\/div><\/div><\/div>","protected":false},"excerpt":{"rendered":"PRODUITS &gt; GEOPROARTE\u00ae Un nouveau niveau dans les chauss\u00e9es en b\u00e9ton. GeoProArte\u00ae changera toutes vos attentes. Cette nouvelle cat\u00e9gorie de pav\u00e9s en b\u00e9ton pr\u00e9fabriqu\u00e9 permet de r\u00e9aliser des dessins r\u00e9alistes gr\u00e2ce \u00e0 sa technologie innovante d'impression num\u00e9rique. En outre, toute la gamme GeoProArte\u00ae conserve toute la polyvalence des dalles en b\u00e9ton traditionnelles, gr\u00e2ce \u00e0 sa structure extr\u00eamement r\u00e9sistante. ....","protected":false},"author":1,"featured_media":0,"parent":0,"menu_order":0,"comment_status":"closed","ping_status":"closed","template":"","meta":{"footnotes":"","_links_to":"","_links_to_target":""},"class_list":["post-1783","page","type-page","status-publish","hentry"],"yoast_head":"<!-- This site is optimized with the Yoast SEO plugin v26.7 - https:\/\/yoast.com\/wordpress\/plugins\/seo\/ -->\n<title>Productos - Pavigesa<\/title>\n<meta name=\"robots\" content=\"index, follow, max-snippet:-1, max-image-preview:large, max-video-preview:-1\" \/>\n<link rel=\"canonical\" href=\"https:\/\/pavigesa.com\/fr\/productos\/\" \/>\n<meta property=\"og:locale\" content=\"fr_FR\" \/>\n<meta property=\"og:type\" content=\"article\" \/>\n<meta property=\"og:title\" content=\"Productos - Pavigesa\" \/>\n<meta property=\"og:url\" content=\"https:\/\/pavigesa.com\/fr\/productos\/\" \/>\n<meta property=\"og:site_name\" content=\"Pavigesa\" \/>\n<meta property=\"article:modified_time\" content=\"2022-12-15T09:03:58+00:00\" \/>\n<meta name=\"twitter:card\" content=\"summary_large_image\" \/>\n<meta name=\"twitter:label1\" content=\"Dur\u00e9e de lecture estim\u00e9e\" \/>\n\t<meta name=\"twitter:data1\" content=\"1 minute\" \/>\n<script type=\"application\/ld+json\" class=\"yoast-schema-graph\">{\"@context\":\"https:\/\/schema.org\",\"@graph\":[{\"@type\":\"WebPage\",\"@id\":\"https:\/\/pavigesa.com\/productos\/\",\"url\":\"https:\/\/pavigesa.com\/productos\/\",\"name\":\"Productos - Pavigesa\",\"isPartOf\":{\"@id\":\"https:\/\/pavigesa.com\/#website\"},\"datePublished\":\"2021-08-12T09:32:32+00:00\",\"dateModified\":\"2022-12-15T09:03:58+00:00\",\"breadcrumb\":{\"@id\":\"https:\/\/pavigesa.com\/productos\/#breadcrumb\"},\"inLanguage\":\"fr-FR\",\"potentialAction\":[{\"@type\":\"ReadAction\",\"target\":[\"https:\/\/pavigesa.com\/productos\/\"]}]},{\"@type\":\"BreadcrumbList\",\"@id\":\"https:\/\/pavigesa.com\/productos\/#breadcrumb\",\"itemListElement\":[{\"@type\":\"ListItem\",\"position\":1,\"name\":\"Portada\",\"item\":\"https:\/\/pavigesa.com\/\"},{\"@type\":\"ListItem\",\"position\":2,\"name\":\"Productos\"}]},{\"@type\":\"WebSite\",\"@id\":\"https:\/\/pavigesa.com\/#website\",\"url\":\"https:\/\/pavigesa.com\/\",\"name\":\"Pavigesa\",\"description\":\"Construimos entornos urbanos de calidad\",\"potentialAction\":[{\"@type\":\"SearchAction\",\"target\":{\"@type\":\"EntryPoint\",\"urlTemplate\":\"https:\/\/pavigesa.com\/?s={search_term_string}\"},\"query-input\":{\"@type\":\"PropertyValueSpecification\",\"valueRequired\":true,\"valueName\":\"search_term_string\"}}],\"inLanguage\":\"fr-FR\"}]}<\/script>\n<!-- \/ Yoast SEO plugin. -->","yoast_head_json":{"title":"Productos - Pavigesa","robots":{"index":"index","follow":"follow","max-snippet":"max-snippet:-1","max-image-preview":"max-image-preview:large","max-video-preview":"max-video-preview:-1"},"canonical":"https:\/\/pavigesa.com\/fr\/productos\/","og_locale":"fr_FR","og_type":"article","og_title":"Productos - Pavigesa","og_url":"https:\/\/pavigesa.com\/fr\/productos\/","og_site_name":"Pavigesa","article_modified_time":"2022-12-15T09:03:58+00:00","twitter_card":"summary_large_image","twitter_misc":{"Dur\u00e9e de lecture estim\u00e9e":"1 minute"},"schema":{"@context":"https:\/\/schema.org","@graph":[{"@type":"WebPage","@id":"https:\/\/pavigesa.com\/productos\/","url":"https:\/\/pavigesa.com\/productos\/","name":"Productos - Pavigesa","isPartOf":{"@id":"https:\/\/pavigesa.com\/#website"},"datePublished":"2021-08-12T09:32:32+00:00","dateModified":"2022-12-15T09:03:58+00:00","breadcrumb":{"@id":"https:\/\/pavigesa.com\/productos\/#breadcrumb"},"inLanguage":"fr-FR","potentialAction":[{"@type":"ReadAction","target":["https:\/\/pavigesa.com\/productos\/"]}]},{"@type":"BreadcrumbList","@id":"https:\/\/pavigesa.com\/productos\/#breadcrumb","itemListElement":[{"@type":"ListItem","position":1,"name":"Portada","item":"https:\/\/pavigesa.com\/"},{"@type":"ListItem","position":2,"name":"Productos"}]},{"@type":"WebSite","@id":"https:\/\/pavigesa.com\/#website","url":"https:\/\/pavigesa.com\/","name":"Pavigesa","description":"Construire des environnements urbains de qualit\u00e9","potentialAction":[{"@type":"SearchAction","target":{"@type":"EntryPoint","urlTemplate":"https:\/\/pavigesa.com\/?s={search_term_string}"},"query-input":{"@type":"PropertyValueSpecification","valueRequired":true,"valueName":"search_term_string"}}],"inLanguage":"fr-FR"}]}},"_links":{"self":[{"href":"https:\/\/pavigesa.com\/fr\/wp-json\/wp\/v2\/pages\/1783","targetHints":{"allow":["GET"]}}],"collection":[{"href":"https:\/\/pavigesa.com\/fr\/wp-json\/wp\/v2\/pages"}],"about":[{"href":"https:\/\/pavigesa.com\/fr\/wp-json\/wp\/v2\/types\/page"}],"author":[{"embeddable":true,"href":"https:\/\/pavigesa.com\/fr\/wp-json\/wp\/v2\/users\/1"}],"replies":[{"embeddable":true,"href":"https:\/\/pavigesa.com\/fr\/wp-json\/wp\/v2\/comments?post=1783"}],"version-history":[{"count":22,"href":"https:\/\/pavigesa.com\/fr\/wp-json\/wp\/v2\/pages\/1783\/revisions"}],"predecessor-version":[{"id":3612,"href":"https:\/\/pavigesa.com\/fr\/wp-json\/wp\/v2\/pages\/1783\/revisions\/3612"}],"wp:attachment":[{"href":"https:\/\/pavigesa.com\/fr\/wp-json\/wp\/v2\/media?parent=1783"}],"curies":[{"name":"wp","href":"https:\/\/api.w.org\/{rel}","templated":true}]}}