{"id":3876,"date":"2023-08-23T12:34:57","date_gmt":"2023-08-23T10:34:57","guid":{"rendered":"https:\/\/pavigesa.com\/?page_id=3876"},"modified":"2023-08-24T17:22:01","modified_gmt":"2023-08-24T15:22:01","slug":"politica-de-privacidad","status":"publish","type":"page","link":"https:\/\/pavigesa.com\/en\/politica-de-privacidad\/","title":{"rendered":"Pol\u00edtica de privacidad"},"content":{"rendered":"<div data-midnight=\"dark-title\" class=\"row wpb_row row-fluid full-width-row vc_custom_1630572810911 row-has-fill\"><div class=\"wpb_column columns medium-12 thb-dark-column small-12\"><div class=\"vc_column-inner\"><div class=\"wpb_wrapper\">\n\t<div class=\"wpb_text_column wpb_content_element\">\n\t\t<div class=\"wpb_wrapper\">\n\t\t\t<h2 class=\"blanco\" style=\"text-align: center;\">Pol\u00edtica de Privacidad<\/h2>\n\n\t\t<\/div>\n\t<\/div>\n<\/div><\/div><\/div><\/div><div data-midnight=\"dark-title\" class=\"row wpb_row row-fluid vc_custom_1630572715827\"><div class=\"wpb_column columns medium-12 thb-dark-column small-12\"><div class=\"vc_column-inner\"><div class=\"wpb_wrapper\">\n\t<div class=\"wpb_text_column wpb_content_element\">\n\t\t<div class=\"wpb_wrapper\">\n\t\t\t<p>El objetivo de comunicarte nuestra pol\u00edtica de privacidad es que conozcas de la manera m\u00e1s clara y sencilla posible c\u00f3mo tratamos la informaci\u00f3n personal en nuestra web.<\/p>\n<p>&nbsp;<\/p>\n<p>Esta pol\u00edtica de privacidad es aplicable a los datos personales recogidos en pavigesa.com, no siendo v\u00e1lida para aquella informaci\u00f3n recabada por terceros en otras p\u00e1ginas web, incluso si \u00e9stas se encuentran enlazadas por pavigesa.com.<\/p>\n<p>&nbsp;<\/p>\n<p>Leyes que se aplican:<\/p>\n<p>&nbsp;<\/p>\n<ul>\n<li>El RGPD (Reglamento (UE) 2016\/679 del Parlamento Europeo y del Consejo de 27 de abril de 2016 relativo a la protecci\u00f3n de las personas f\u00edsicas.<\/li>\n<\/ul>\n<p>&nbsp;<\/p>\n<ul>\n<li>La LOPD (Ley Org\u00e1nica 15\/1999, de 13 de diciembre, de Protecci\u00f3n de Datos de Car\u00e1cter Personal y Real Decreto 1720\/2007, de 21 de diciembre, el Reglamento de desarrollo de la LOPD).<\/li>\n<\/ul>\n<p>&nbsp;<\/p>\n<ul>\n<li>La LSSI (Ley 34\/2002, de 11 de julio, de Servicios de la Sociedad de la Informaci\u00f3n y Comercio Electr\u00f3nico).<\/li>\n<\/ul>\n<p>&nbsp;<\/p>\n<h4>RESPONSABLE DEL TRATAMIENTO DE TUS DATOS PERSONALES<\/h4>\n<p>PAVIGESA. PAVIMENTOS DEL GENIL, S.A.<\/p>\n<p>&nbsp;<\/p>\n<p>Nombre comercial: PAVIGESA<\/p>\n<p>&nbsp;<\/p>\n<p>CIF: A14057624<\/p>\n<p>&nbsp;<\/p>\n<p>Ubicaci\u00f3n: C\/ Boliche, S\/N\u00a0 (Puente Genil, C\u00f3rdoba) C.P. 14500<\/p>\n<p>&nbsp;<\/p>\n<p>Correo electr\u00f3nico: <a href=\"mailto:comerciales@pavigesa.com\">comerciales@pavigesa.com<\/a>.<\/p>\n<div>\n<p>&nbsp;<\/p>\n<h4>C\u00d3MO SE RECOGEN LOS DATOS PERSONALES<\/h4>\n<p>Cuando el usuario se pone en contacto con pavigesa.com a trav\u00e9s del formulario de contacto. Los datos requeridos ser\u00e1n: nombre de contacto, nombre de la empresa, direcci\u00f3n de la empresa, CIF de la empresa, correo electr\u00f3nico, n\u00famero de tel\u00e9fono, localidad de la obra, departamento con el que quiere conectar y motivo de la consulta.<\/p>\n<p>&nbsp;<\/p>\n<p>Cookies: Cuando el usuario se registra o navega en esta web, se almacenan \u201ccookies\u201d. El usuario puede consultar en cualquier momento la pol\u00edtica de cookies para ampliar informaci\u00f3n sobre el uso de cookies y c\u00f3mo desactivarlas.<\/p>\n<p>&nbsp;<\/p>\n<p>Las categor\u00edas de datos que se tratan son identificativos, concretamente nombre y correo electr\u00f3nico.<\/p>\n<p>&nbsp;<\/p>\n<p>Sin embargo, cuando el usuario se pone en contacto con pavigesa.com a trav\u00e9s de los servicios legales online, se requieren ciertos datos de car\u00e1cter especial: DNI, Direcci\u00f3n Postal, Localidad y Tel\u00e9fono.<\/p>\n<p>&nbsp;<\/p>\n<p>Estos datos ser\u00e1n obligatorios para identificar al cliente, y por tanto, ofrecer el servicio online requerido.<\/p>\n<p>&nbsp;<\/p>\n<h4>FINALIDAD DEL TRATAMIENTO DE TUS DATOS PERSONALES<\/h4>\n<h4><\/h4>\n<p>En concreto, los datos recogidos se utilizar\u00e1n para:<\/p>\n<p>&nbsp;<\/p>\n<p>Responder a los requerimientos de los usuarios. En el caso de que alg\u00fan usuario deje sus datos personales en nuestros formularios de contacto, se podr\u00e1n utilizar dichos datos para responder a su solicitud, dudas o quejas.<\/p>\n<p>&nbsp;<\/p>\n<p>Proporcionar informaci\u00f3n de nuestros servicios en el caso de que sean requeridos. La informaci\u00f3n recabada permitir\u00e1 solicitar el servicio correspondiente para una posible tramitaci\u00f3n del mismo offline. Las solicitudes ser\u00e1n respondidas por correo electr\u00f3nico.<\/p>\n<p>&nbsp;<\/p>\n<p>Garantizar el cumplimiento de las condiciones de uso y la ley aplicable. Esto puede incluir desarrollo de herramientas y algoritmos que ayudan a esta web a garantizar la confidencialidad de los datos personales que recoge.<\/p>\n<p>&nbsp;<\/p>\n<p>Para gestionar las redes sociales. El tratamiento de los datos que se lleve a cabo de las personas que se hagan seguidoras en las redes sociales de las p\u00e1ginas oficiales de pavigesa.com, se regir\u00e1 por este apartado. As\u00ed como por aquellas condiciones de uso, pol\u00edticas de privacidad y normativas de acceso que pertenezcan a la red social que proceda en cada caso y aceptadas previamente por el usuario de PAVIGESA. PAVIMENTOS DEL GENIL, S.A. Tratar\u00e9 tus datos con las finalidades de administrar correctamente mi presencia en la red social, informando de actividades, productos o servicios de PAVIGESA. PAVIMENTOS DEL GENIL, S.A.. As\u00ed como para cualquier otra finalidad que las normativas de las redes sociales permitan. En ning\u00fan caso utilizar\u00e9 los perfiles de seguidores en redes sociales para enviar publicidad de manera individual.<\/p>\n<p>&nbsp;<\/p>\n<p>Tus datos personales podr\u00e1n ser tratados posteriormente con la finalidad de realizar estad\u00edsticas y acciones comerciales puntuales.<\/p>\n<p>&nbsp;<\/p>\n<p>En ning\u00fan caso esta web ceder\u00e1 los datos personales de sus usuarios a terceros sin informarles previamente y requerir su consentimiento. No es necesario que facilites ning\u00fan dato de car\u00e1cter personal para la navegaci\u00f3n por esta web.<\/p>\n<p>&nbsp;<\/p>\n<h4>TIEMPO DE CONSERVACI\u00d3N DE LOS DATOS PERSONALES<\/h4>\n<p>Los datos personales proporcionados se conservar\u00e1n hasta que el usuario pida su eliminaci\u00f3n.<\/p>\n<p>&nbsp;<\/p>\n<h4>LEGITIMACI\u00d3N PARA EL TRATAMIENTO DE TUS DATOS<\/h4>\n<p>La base legal para el tratamiento de sus datos es: el consentimiento.<\/p>\n<p>&nbsp;<\/p>\n<p>Para contactar o realizar comentarios en esta web se requiere el consentimiento con esta pol\u00edtica de privacidad. La oferta prospectiva o comercial de productos y servicios est\u00e1 basada en el consentimiento que se le solicita, sin que en ning\u00fan caso la retirada de este consentimiento condicione la ejecuci\u00f3n del contrato de suscripci\u00f3n.<\/p>\n<p>&nbsp;<\/p>\n<h4>DESTINATARIOS A QUIENES SE COMUNICAR\u00c1N LOS DATOS<\/h4>\n<p>Los datos se comunicar\u00e1n a las siguientes empresas para prestar servicios estrictamente necesarios para el desarrollo de su actividad. Estructuras y Montajes del Sur, S.L. comparte datos con los siguientes prestadores bajo sus correspondientes condiciones de privacidad.<\/p>\n<p>&nbsp;<\/p>\n<p>Hosting: IONOS Cloud S.L.U. C\/ Avenida de La Vega, 1 \u2013 Edificio Veganova, (Edif. 3 Planta 5) 28108 Alcobendas \u2013 Madrid.<\/p>\n<p>&nbsp;<\/p>\n<p>Plataforma web: WordPress.org.<\/p>\n<p>&nbsp;<\/p>\n<p>Google Analytics: Herramienta de Google, cuya direcci\u00f3n principal es 1600 Amphitheatre Parkway, Mountain View (California), CA 94043, Estados Unidos, utiliza cookies que se instalan en el ordenador del usuario para analizar el uso que hacen los usuarios de la web. Toda la informaci\u00f3n que genera las cookies es transmitida y archivada por Google.<\/p>\n<p>&nbsp;<\/p>\n<h4>DERECHOS DEL USUARIO AL FACILITAR SUS DATOS<\/h4>\n<p>Solicitar el acceso a los datos personales relativos al interesado.<\/p>\n<p>&nbsp;<\/p>\n<p>Solicitar su rectificaci\u00f3n o supresi\u00f3n.<\/p>\n<p>&nbsp;<\/p>\n<p>Solicitar la limitaci\u00f3n de su tratamiento.<\/p>\n<p>&nbsp;<\/p>\n<p>Oponerse al tratamiento.<\/p>\n<p>&nbsp;<\/p>\n<p>Podr\u00e1 ejercitar materialmente sus derechos por correo electr\u00f3nico a: <a href=\"mailto:comerciales@pavigesa.com\">comerciales@pavigesa.com<\/a>.<\/p>\n<p>&nbsp;<\/p>\n<h4>SECRETO Y SEGURIDAD DE LOS DATOS<\/h4>\n<p>En pavigesa.com tratamos los datos personales de los usuarios respetando su confidencialidad y nos comprometemos a utilizarlos de acuerdo con la finalidad con la que se recogieron. Y tambi\u00e9n a cumplir nuestra obligaci\u00f3n de guardarlos y adaptar todas las medidas para evitar la alteraci\u00f3n, p\u00e9rdida, tratamiento o acceso no autorizado, tal y como establece la normativa vigente de protecci\u00f3n de datos.<\/p>\n<p>&nbsp;<\/p>\n<p>Por ello usamos en nuestra web un certificado SSL. Se trata de un protocolo de seguridad que hace que tus datos viajen de manera \u00edntegra y segura, es decir, la transmisi\u00f3n de los datos entre un servidor y usuario web, y en retroalimentaci\u00f3n, est\u00e1 totalmente cifrada o encriptada.<\/p>\n<p>&nbsp;<\/p>\n<p>L\u00f3gicamente no podemos garantizar la absoluta inexpugnabilidad de Internet y por tanto la violaci\u00f3n de los datos mediante accesos fraudulentos por parte de terceros como hackers y otros.<\/p>\n<p>&nbsp;<\/p>\n<p>Con respecto a la confidencialidad del procesamiento, PAVIGESA. PAVIMENTOS DEL GENIL, S.A. y cualquier persona autorizada por pavigesa.com para procesar los datos de los usuarios (personal, colaboradores\u2026) estar\u00e1 bajo la obligaci\u00f3n apropiada de confidencialidad (ya sea un deber contractual o legal).<\/p>\n<p>&nbsp;<\/p>\n<p>Si se presenta alg\u00fan incidente de seguridad, al darnos cuenta, desde esmonsur.com se le notificar\u00e1 al usuario y se le dar\u00e1 la informaci\u00f3n necesaria con el incidente tal como se conozca o cuando nos lo pida razonablemente.<\/p>\n<p>&nbsp;<\/p>\n<h4>EXACTITUD Y VERACIDAD DE LOS DATOS<\/h4>\n<p>El Usuario garantiza que los datos personales facilitados a trav\u00e9s de los diferentes formularios son veraces, quedando obligado a comunicar cualquier modificaci\u00f3n de los mismos. Igualmente, el Usuario garantiza que toda la informaci\u00f3n facilitada corresponde con su situaci\u00f3n real, que est\u00e1 puesta al d\u00eda y es exacta.<\/p>\n<p>&nbsp;<\/p>\n<p>Adem\u00e1s el Usuario se obliga a mantener en todo momento sus datos actualizados, siendo el \u00fanico responsable de la inexactitud o falsedad de los datos facilitados y de los perjuicios que pueda causar por ello a PAVIGESA. PAVIMENTOS DEL GENIL, S.A. como titular de la web pavigesa.com.<\/p>\n<p>&nbsp;<\/p>\n<h4>ACEPTACI\u00d3N Y CONSENTIMIENTO<\/h4>\n<p>La pol\u00edtica de privacidad es un contrato entre el usuario y PAVIGESA. PAVIMENTOS DEL GENIL, S.A., es necesario que la hayas le\u00eddo y est\u00e9s conforme con estas condiciones sobre la protecci\u00f3n de datos de car\u00e1cter personal, aceptando y consintiendo el tratamiento de los mismos por parte de PAVIGESA. PAVIMENTOS DEL GENIL, S.A., en la forma y para las finalidades que te he indicado en esta pol\u00edtica y en el aviso legal.<\/p>\n<p>&nbsp;<\/p>\n<p>En caso de cualquier duda o comentario sobre esta pol\u00edtica de privacidad, no dudes en contactar en <a href=\"mailto:comerciales@pavigesa.com\">comerciales@pavigesa.com<\/a>.<\/p>\n<p>&nbsp;<\/p>\n<h4>REVOCABILIDAD<\/h4>\n<p>El consentimiento que me prestas, tanto para el tratamiento como para la cesi\u00f3n de tus datos, es revocable en cualquier momento comunic\u00e1ndolo a PAVIGESA. PAVIMENTOS DEL GENIL, S.A..<\/p>\n<p>&nbsp;<\/p>\n<p>Esta revocaci\u00f3n en ning\u00fan caso tendr\u00e1 car\u00e1cter retroactivo.<\/p>\n<p>&nbsp;<\/p>\n<h4>CAMBIOS EN LA PRESENTE POL\u00cdTICA DE PRIVACIDAD<\/h4>\n<p>PAVIGESA. PAVIMENTOS DEL GENIL, S.A. se reserva el derecho a modificar la presente pol\u00edtica para adaptarla a novedades legislativas o jurisprudenciales as\u00ed como a pr\u00e1cticas de la industria. En dichos supuestos, el Prestador anunciar\u00e1 en esta p\u00e1gina los cambios introducidos con razonable antelaci\u00f3n a su puesta en pr\u00e1ctica.<\/p>\n<p>&nbsp;<\/p>\n<h4>CORREOS COMERCIALES<\/h4>\n<p>De acuerdo con la LSSICE, PAVIGESA. PAVIMENTOS DEL GENIL, S.A. no realiza pr\u00e1cticas de SPAM, por lo que no env\u00eda correos comerciales por v\u00eda electr\u00f3nica que no hayan sido previamente solicitados o autorizados por el Usuario, en algunas ocasiones, puede remitir promociones y ofertas puntuales propias y terceros, solo en los casos en los que cuente con la autorizaci\u00f3n de los destinatarios.<\/p>\n<\/div>\n\n\t\t<\/div>\n\t<\/div>\n<\/div><\/div><\/div><\/div>","protected":false},"excerpt":{"rendered":"Pol\u00edtica de Privacidad El objetivo de comunicarte nuestra pol\u00edtica de privacidad es que conozcas de la manera m\u00e1s clara y sencilla posible c\u00f3mo tratamos la informaci\u00f3n personal en nuestra web. &nbsp; Esta pol\u00edtica de privacidad es aplicable a los datos personales recogidos en pavigesa.com, no siendo v\u00e1lida para aquella informaci\u00f3n recabada por terceros en otras&hellip;","protected":false},"author":417,"featured_media":3589,"parent":0,"menu_order":0,"comment_status":"closed","ping_status":"closed","template":"","meta":{"footnotes":"","_links_to":"","_links_to_target":""},"class_list":["post-3876","page","type-page","status-publish","has-post-thumbnail","hentry"],"yoast_head":"<!-- This site is optimized with the Yoast SEO plugin v26.7 - https:\/\/yoast.com\/wordpress\/plugins\/seo\/ -->\n<title>Pol\u00edtica de privacidad - Pavigesa<\/title>\n<meta name=\"robots\" content=\"index, follow, max-snippet:-1, max-image-preview:large, max-video-preview:-1\" \/>\n<link rel=\"canonical\" href=\"https:\/\/pavigesa.com\/en\/politica-de-privacidad\/\" \/>\n<meta property=\"og:locale\" content=\"en_GB\" \/>\n<meta property=\"og:type\" content=\"article\" \/>\n<meta property=\"og:title\" content=\"Pol\u00edtica de privacidad - Pavigesa\" \/>\n<meta property=\"og:url\" content=\"https:\/\/pavigesa.com\/en\/politica-de-privacidad\/\" \/>\n<meta property=\"og:site_name\" content=\"Pavigesa\" \/>\n<meta property=\"article:modified_time\" content=\"2023-08-24T15:22:01+00:00\" \/>\n<meta property=\"og:image\" content=\"https:\/\/pavigesa.com\/wp-content\/uploads\/2022\/12\/upload-e16dfda0-415b-4cd7-8005-533b4735b7fc-3-scaled.webp\" \/>\n\t<meta property=\"og:image:width\" content=\"2560\" \/>\n\t<meta property=\"og:image:height\" content=\"1707\" \/>\n\t<meta property=\"og:image:type\" content=\"image\/webp\" \/>\n<meta name=\"twitter:card\" content=\"summary_large_image\" \/>\n<meta name=\"twitter:label1\" content=\"Estimated reading time\" \/>\n\t<meta name=\"twitter:data1\" content=\"7 minutes\" \/>\n<script type=\"application\/ld+json\" class=\"yoast-schema-graph\">{\"@context\":\"https:\/\/schema.org\",\"@graph\":[{\"@type\":\"WebPage\",\"@id\":\"https:\/\/pavigesa.com\/politica-de-privacidad\/\",\"url\":\"https:\/\/pavigesa.com\/politica-de-privacidad\/\",\"name\":\"Pol\u00edtica de privacidad - Pavigesa\",\"isPartOf\":{\"@id\":\"https:\/\/pavigesa.com\/#website\"},\"primaryImageOfPage\":{\"@id\":\"https:\/\/pavigesa.com\/politica-de-privacidad\/#primaryimage\"},\"image\":{\"@id\":\"https:\/\/pavigesa.com\/politica-de-privacidad\/#primaryimage\"},\"thumbnailUrl\":\"https:\/\/pavigesa.com\/wp-content\/uploads\/2022\/12\/upload-e16dfda0-415b-4cd7-8005-533b4735b7fc-3-scaled.webp\",\"datePublished\":\"2023-08-23T10:34:57+00:00\",\"dateModified\":\"2023-08-24T15:22:01+00:00\",\"breadcrumb\":{\"@id\":\"https:\/\/pavigesa.com\/politica-de-privacidad\/#breadcrumb\"},\"inLanguage\":\"en-GB\",\"potentialAction\":[{\"@type\":\"ReadAction\",\"target\":[\"https:\/\/pavigesa.com\/politica-de-privacidad\/\"]}]},{\"@type\":\"ImageObject\",\"inLanguage\":\"en-GB\",\"@id\":\"https:\/\/pavigesa.com\/politica-de-privacidad\/#primaryimage\",\"url\":\"https:\/\/pavigesa.com\/wp-content\/uploads\/2022\/12\/upload-e16dfda0-415b-4cd7-8005-533b4735b7fc-3-scaled.webp\",\"contentUrl\":\"https:\/\/pavigesa.com\/wp-content\/uploads\/2022\/12\/upload-e16dfda0-415b-4cd7-8005-533b4735b7fc-3-scaled.webp\",\"width\":2560,\"height\":1707},{\"@type\":\"BreadcrumbList\",\"@id\":\"https:\/\/pavigesa.com\/politica-de-privacidad\/#breadcrumb\",\"itemListElement\":[{\"@type\":\"ListItem\",\"position\":1,\"name\":\"Portada\",\"item\":\"https:\/\/pavigesa.com\/\"},{\"@type\":\"ListItem\",\"position\":2,\"name\":\"Pol\u00edtica de privacidad\"}]},{\"@type\":\"WebSite\",\"@id\":\"https:\/\/pavigesa.com\/#website\",\"url\":\"https:\/\/pavigesa.com\/\",\"name\":\"Pavigesa\",\"description\":\"Construimos entornos urbanos de calidad\",\"potentialAction\":[{\"@type\":\"SearchAction\",\"target\":{\"@type\":\"EntryPoint\",\"urlTemplate\":\"https:\/\/pavigesa.com\/?s={search_term_string}\"},\"query-input\":{\"@type\":\"PropertyValueSpecification\",\"valueRequired\":true,\"valueName\":\"search_term_string\"}}],\"inLanguage\":\"en-GB\"}]}<\/script>\n<!-- \/ Yoast SEO plugin. -->","yoast_head_json":{"title":"Pol\u00edtica de privacidad - Pavigesa","robots":{"index":"index","follow":"follow","max-snippet":"max-snippet:-1","max-image-preview":"max-image-preview:large","max-video-preview":"max-video-preview:-1"},"canonical":"https:\/\/pavigesa.com\/en\/politica-de-privacidad\/","og_locale":"en_GB","og_type":"article","og_title":"Pol\u00edtica de privacidad - Pavigesa","og_url":"https:\/\/pavigesa.com\/en\/politica-de-privacidad\/","og_site_name":"Pavigesa","article_modified_time":"2023-08-24T15:22:01+00:00","og_image":[{"width":2560,"height":1707,"url":"https:\/\/pavigesa.com\/wp-content\/uploads\/2022\/12\/upload-e16dfda0-415b-4cd7-8005-533b4735b7fc-3-scaled.webp","type":"image\/webp"}],"twitter_card":"summary_large_image","twitter_misc":{"Estimated reading time":"7 minutes"},"schema":{"@context":"https:\/\/schema.org","@graph":[{"@type":"WebPage","@id":"https:\/\/pavigesa.com\/politica-de-privacidad\/","url":"https:\/\/pavigesa.com\/politica-de-privacidad\/","name":"Pol\u00edtica de privacidad - Pavigesa","isPartOf":{"@id":"https:\/\/pavigesa.com\/#website"},"primaryImageOfPage":{"@id":"https:\/\/pavigesa.com\/politica-de-privacidad\/#primaryimage"},"image":{"@id":"https:\/\/pavigesa.com\/politica-de-privacidad\/#primaryimage"},"thumbnailUrl":"https:\/\/pavigesa.com\/wp-content\/uploads\/2022\/12\/upload-e16dfda0-415b-4cd7-8005-533b4735b7fc-3-scaled.webp","datePublished":"2023-08-23T10:34:57+00:00","dateModified":"2023-08-24T15:22:01+00:00","breadcrumb":{"@id":"https:\/\/pavigesa.com\/politica-de-privacidad\/#breadcrumb"},"inLanguage":"en-GB","potentialAction":[{"@type":"ReadAction","target":["https:\/\/pavigesa.com\/politica-de-privacidad\/"]}]},{"@type":"ImageObject","inLanguage":"en-GB","@id":"https:\/\/pavigesa.com\/politica-de-privacidad\/#primaryimage","url":"https:\/\/pavigesa.com\/wp-content\/uploads\/2022\/12\/upload-e16dfda0-415b-4cd7-8005-533b4735b7fc-3-scaled.webp","contentUrl":"https:\/\/pavigesa.com\/wp-content\/uploads\/2022\/12\/upload-e16dfda0-415b-4cd7-8005-533b4735b7fc-3-scaled.webp","width":2560,"height":1707},{"@type":"BreadcrumbList","@id":"https:\/\/pavigesa.com\/politica-de-privacidad\/#breadcrumb","itemListElement":[{"@type":"ListItem","position":1,"name":"Portada","item":"https:\/\/pavigesa.com\/"},{"@type":"ListItem","position":2,"name":"Pol\u00edtica de privacidad"}]},{"@type":"WebSite","@id":"https:\/\/pavigesa.com\/#website","url":"https:\/\/pavigesa.com\/","name":"Pavigesa","description":"Building quality urban environments","potentialAction":[{"@type":"SearchAction","target":{"@type":"EntryPoint","urlTemplate":"https:\/\/pavigesa.com\/?s={search_term_string}"},"query-input":{"@type":"PropertyValueSpecification","valueRequired":true,"valueName":"search_term_string"}}],"inLanguage":"en-GB"}]}},"_links":{"self":[{"href":"https:\/\/pavigesa.com\/en\/wp-json\/wp\/v2\/pages\/3876","targetHints":{"allow":["GET"]}}],"collection":[{"href":"https:\/\/pavigesa.com\/en\/wp-json\/wp\/v2\/pages"}],"about":[{"href":"https:\/\/pavigesa.com\/en\/wp-json\/wp\/v2\/types\/page"}],"author":[{"embeddable":true,"href":"https:\/\/pavigesa.com\/en\/wp-json\/wp\/v2\/users\/417"}],"replies":[{"embeddable":true,"href":"https:\/\/pavigesa.com\/en\/wp-json\/wp\/v2\/comments?post=3876"}],"version-history":[{"count":10,"href":"https:\/\/pavigesa.com\/en\/wp-json\/wp\/v2\/pages\/3876\/revisions"}],"predecessor-version":[{"id":3891,"href":"https:\/\/pavigesa.com\/en\/wp-json\/wp\/v2\/pages\/3876\/revisions\/3891"}],"wp:featuredmedia":[{"embeddable":true,"href":"https:\/\/pavigesa.com\/en\/wp-json\/wp\/v2\/media\/3589"}],"wp:attachment":[{"href":"https:\/\/pavigesa.com\/en\/wp-json\/wp\/v2\/media?parent=3876"}],"curies":[{"name":"wp","href":"https:\/\/api.w.org\/{rel}","templated":true}]}}