{"id":3046,"date":"2022-02-14T10:28:23","date_gmt":"2022-02-14T10:28:23","guid":{"rendered":"https:\/\/pavigesa.com\/?page_id=3046"},"modified":"2025-07-04T13:35:25","modified_gmt":"2025-07-04T11:35:25","slug":"tratamientos","status":"publish","type":"page","link":"https:\/\/pavigesa.com\/en\/tratamientos\/","title":{"rendered":"TREATMENTS"},"content":{"rendered":"<div data-midnight=\"dark-title\" class=\"row wpb_row row-fluid full-width-row vc_custom_1630495559908 row-has-fill\"><div class=\"wpb_column columns medium-12 thb-dark-column small-12\"><div class=\"vc_column-inner\"><div class=\"wpb_wrapper\">\n\t<div class=\"wpb_text_column wpb_content_element\">\n\t\t<div class=\"wpb_wrapper\">\n\t\t\t<h2 class=\"blanco\" style=\"text-align: center;\">Treatment and Protection<\/h2>\n\n\t\t<\/div>\n\t<\/div>\n<\/div><\/div><\/div><\/div><div data-midnight=\"dark-title\" class=\"row wpb_row row-fluid vc_custom_1676992910854\"><div class=\"wpb_column columns medium-5 thb-dark-column small-12\"><div class=\"vc_column-inner\"><div class=\"wpb_wrapper\">\n\t<div class=\"wpb_text_column wpb_content_element\">\n\t\t<div class=\"wpb_wrapper\">\n\t\t\t<h1>A\u00d1ADE UN TRATAMIENTO SUPERFICIAL A TUS PAVIMENTOS CONTRA LAS MANCHAS<\/h1>\n\n\t\t<\/div>\n\t<\/div>\n\n\t<div class=\"wpb_text_column wpb_content_element\">\n\t\t<div class=\"wpb_wrapper\">\n\t\t\t<p>Pavigesa's liquid compound for the protection of pavements for exteriors.<\/p>\n\n\t\t<\/div>\n\t<\/div>\n\n\t<div class=\"wpb_text_column wpb_content_element\">\n\t\t<div class=\"wpb_wrapper\">\n\t\t\t<p>Made from acrylic resins, with excellent properties of hardness and resistance to ultraviolet rays and humidity. Extraordinary adherence, which acts by penetrating and compacting the particles by improving their adhesion, which generates a great resistance to abrasion, improving the final durability of the pavement.<\/p>\n\n\t\t<\/div>\n\t<\/div>\n\n\t<div class=\"wpb_text_column wpb_content_element\">\n\t\t<div class=\"wpb_wrapper\">\n\t\t\t<p>Con el tratamiento Protec, las piezas aumentan su capacidad hidr\u00f3fuga, contribuyendo as\u00ed a un mejor mantenimiento de las superficies pavimentadas.<\/p>\n\n\t\t<\/div>\n\t<\/div>\n\n\t<div class=\"wpb_text_column wpb_content_element   vc_custom_1751627624197\">\n\t\t<div class=\"wpb_wrapper\">\n\t\t\t<p><strong>PRODUCT DATA SHEET<\/strong><\/p>\n<p class=\"privado\">This content is reserved for registered users. Register <a href=\"\/en\/mi-cuenta\/\"><strong>here<\/strong><\/a> to be able to see it.<\/p>\n\n\t\t<\/div>\n\t<\/div>\n<\/div><\/div><\/div><div class=\"colores-diseno wpb_column columns medium-7 thb-dark-column small-12\"><div class=\"vc_column-inner   vc_custom_1644833717135\"><div class=\"wpb_wrapper\">\t<div id=\"thb-slidetype-69e94b7523366\" class=\"thb-slidetype\" data-style=\"style1\">\n\t\t\n<h2><span class=\"thb-slidetype-entry\"><span class=\"lines\">Colour Fixing<\/span><\/span><\/h2>\n\t\t\t<\/div>\n\n\t\n\t<div class=\"wpb_text_column wpb_content_element animation left-to-right\">\n\t\t<div class=\"wpb_wrapper\">\n\t\t\t<h5 style=\"text-align: left;\">Tratamiento a base de resinas incoloras que fijan el color sin aportar brillos ni &#8220;efecto mojado&#8221; y protege tu pavimento ante las manchas<\/h5>\n\n\t\t<\/div>\n\t<\/div>\n\n\t<div  class=\"wpb_single_image wpb_content_element vc_align_left\">\n\t\t\n\t\t<figure class=\"wpb_wrapper vc_figure\">\n\t\t\t<div class=\"vc_single_image-wrapper   vc_box_border_grey\"><img decoding=\"async\" class=\"vc_single_image-img\" src=\"https:\/\/pavigesa.com\/wp-content\/uploads\/2023\/06\/resina-500x500.png\" width=\"500\" height=\"500\" alt=\"resina\" title=\"resina\" \/><\/div>\n\t\t<\/figure>\n\t<\/div>\n\n\t<div  class=\"wpb_single_image wpb_content_element vc_align_left\">\n\t\t\n\t\t<figure class=\"wpb_wrapper vc_figure\">\n\t\t\t<div class=\"vc_single_image-wrapper   vc_box_border_grey\"><img decoding=\"async\" class=\"vc_single_image-img\" src=\"https:\/\/pavigesa.com\/wp-content\/uploads\/2022\/02\/con-y-sin-resina-500x500.png\" width=\"500\" height=\"500\" alt=\"con y sin resina\" title=\"with and without resin\" \/><\/div>\n\t\t<\/figure>\n\t<\/div>\n<\/div><\/div><\/div><\/div><div data-midnight=\"dark-title\" class=\"row wpb_row row-fluid vc_custom_1631524450512\"><div class=\"wpb_column columns medium-5 thb-dark-column small-12\"><div class=\"vc_column-inner\"><div class=\"wpb_wrapper\">\n\t<div class=\"wpb_text_column wpb_content_element\">\n\t\t<div class=\"wpb_wrapper\">\n\t\t\t<p><span style=\"font-size: 36pt; color: #d91e1e;\"><strong>Cleaner Plus<\/strong><\/span><\/p>\n\n\t\t<\/div>\n\t<\/div>\n\n\t<div class=\"wpb_text_column wpb_content_element\">\n\t\t<div class=\"wpb_wrapper\">\n\t\t\t<p><strong>Cleaner Plus<\/strong>, se recomienda su uso en pavimentos tratadas con tratamiento antimanchas para su limpieza y mantenimiento.<\/p>\n<p>Contiene un disolvente puramente natural y se encuentra completamente libre de compuestos arom\u00e1ticos o sustancias que puedan da\u00f1ar la pel\u00edcula protectora creada por nuestro tratamiento hidrofugante o antimanchas.<\/p>\n<p>With this product we ensure that our anti-stain+water-repellent treatment is not affected and we make sure that our flooring remains protected.<\/p>\n<p>Suitable for cleaning surfaces contaminated with chewing gum, oil and grease.<\/p>\n<p>The natural character of the cleaner makes the product ecologically responsible.<\/p>\n\n\t\t<\/div>\n\t<\/div>\n<\/div><\/div><\/div><div class=\"colores-diseno wpb_column columns medium-7 thb-dark-column small-12\"><div class=\"vc_column-inner   vc_custom_1644833717135\"><div class=\"wpb_wrapper\">\t<div id=\"thb-slidetype-69e94b75244d7\" class=\"thb-slidetype\" data-style=\"style1\">\n\t\t\n<h2><span class=\"thb-slidetype-entry\"><span class=\"lines\">Para la limpieza de pavimentos tratados contra las manchas<\/span><\/span><\/h2>\n\t\t\t<\/div>\n\n\t\n\t<div class=\"wpb_text_column wpb_content_element animation left-to-right\">\n\t\t<div class=\"wpb_wrapper\">\n\t\t\t<h5 style=\"text-align: left;\">The best cleaner on the market for precast concrete floors<\/h5>\n\n\t\t<\/div>\n\t<\/div>\n\n\t<div  class=\"wpb_single_image wpb_content_element vc_align_left\">\n\t\t\n\t\t<figure class=\"wpb_wrapper vc_figure\">\n\t\t\t<div class=\"vc_single_image-wrapper   vc_box_border_grey\"><img decoding=\"async\" class=\"vc_single_image-img\" src=\"https:\/\/pavigesa.com\/wp-content\/uploads\/2023\/02\/WhatsApp-Image-2023-01-18-at-13.23.05-500x500.jpeg\" width=\"500\" height=\"500\" alt=\"WhatsApp Image 2023-01-18 at 13.23.05\" title=\"WhatsApp Image 2023-01-18 at 13.23.05\" \/><\/div>\n\t\t<\/figure>\n\t<\/div>\n<\/div><\/div><\/div><\/div><div data-midnight=\"dark-title\" class=\"row wpb_row row-fluid row-o-content-middle row-flex\"><div class=\"wpb_column columns medium-12 thb-dark-column small-12\"><div class=\"vc_column-inner\"><div class=\"wpb_wrapper\">\t<div id=\"thb-autotype-12\" class=\"thb-autotype\">\n\t\t<\/p>\n<h2>Surface treatments <div class=\"thb-autotype-entry\" data-thb-loop=\"\" data-strings=\"[&quot;para adoquines y losas&quot;]\" data-speed=\"50\"><\/div><\/h2>\n<p>\t\t\t\t<style>\n\t\t\t#thb-autotype-12 .thb-autotype-entry {\n\t\t\t\tcolor: #dd3333;\n\t\t\t}\n\t\t<\/style>\n\t\t\t<\/div>\n\n\t<\/div><\/div><\/div><\/div><div data-midnight=\"dark-title\" class=\"row wpb_row row-fluid row-o-content-middle row-flex\"><div class=\"wpb_column columns medium-12 thb-dark-column small-12\"><div class=\"vc_column-inner\"><div class=\"wpb_wrapper\"><div class=\"vc_empty_space\" id=\"thb-empty-space-69e94b752556a\"  style=\"height: 32px\" ><span class=\"vc_empty_space_inner\"><\/span><\/div>\n<\/div><\/div><\/div><\/div><div data-midnight=\"dark-title\" class=\"row wpb_row row-fluid row-o-content-middle row-flex\"><div class=\"wpb_column columns medium-3 thb-dark-column small-12\"><div class=\"vc_column-inner\"><div class=\"wpb_wrapper\">\n\t<div  class=\"wpb_single_image wpb_content_element vc_align_center\">\n\t\t\n\t\t<figure class=\"wpb_wrapper vc_figure\">\n\t\t\t<div class=\"vc_single_image-wrapper   vc_box_border_grey\"><img decoding=\"async\" class=\"vc_single_image-img\" src=\"https:\/\/pavigesa.com\/wp-content\/uploads\/2022\/02\/T1-HIDROFUGO-150x250.png\" width=\"150\" height=\"250\" alt=\"T1 HIDR\u00d3FUGO\" title=\"T1 HYDROPHONE\" \/><\/div>\n\t\t<\/figure>\n\t<\/div>\n<\/div><\/div><\/div><div class=\"wpb_column columns medium-9 thb-dark-column small-12\"><div class=\"vc_column-inner\"><div class=\"wpb_wrapper\">\n\t<div class=\"wpb_text_column wpb_content_element animation fade-in\">\n\t\t<div class=\"wpb_wrapper\">\n\t\t\t<h3>T1: Water-repellent treatment<\/h3>\n<p>Our treatment <strong>base<\/strong>Water-repellent protection: with water-repellent protection we increase the impermeability of our pavers and tiles, making them practically impermeable to water and thus preventing the encrustation of normal dirt from the environment.<\/p>\n<p><em>Treatment included in all our manufacturing.<\/em><\/p>\n\n\t\t<\/div>\n\t<\/div>\n<\/div><\/div><\/div><\/div><div data-midnight=\"dark-title\" class=\"row wpb_row row-fluid row-o-content-middle row-flex\"><div class=\"wpb_column columns medium-3 thb-dark-column small-12\"><div class=\"vc_column-inner\"><div class=\"wpb_wrapper\">\n\t<div  class=\"wpb_single_image wpb_content_element vc_align_center\">\n\t\t\n\t\t<figure class=\"wpb_wrapper vc_figure\">\n\t\t\t<div class=\"vc_single_image-wrapper   vc_box_border_grey\"><img decoding=\"async\" class=\"vc_single_image-img\" src=\"https:\/\/pavigesa.com\/wp-content\/uploads\/2022\/02\/T2-ANTIMANCHAS-150x250.png\" width=\"150\" height=\"250\" alt=\"T2 ANTIMANCHAS\" title=\"T2 ANTI-SPOTS\" \/><\/div>\n\t\t<\/figure>\n\t<\/div>\n<div class=\"vc_empty_space\" id=\"thb-empty-space-69e94b7526803\"  style=\"height: 64px\" ><span class=\"vc_empty_space_inner\"><\/span><\/div>\n<\/div><\/div><\/div><div class=\"wpb_column columns medium-9 thb-dark-column small-12\"><div class=\"vc_column-inner\"><div class=\"wpb_wrapper\">\n\t<div class=\"wpb_text_column wpb_content_element animation fade-in\">\n\t\t<div class=\"wpb_wrapper\">\n\t\t\t<h3>T2: Tratamiento Antimanchas<\/h3>\n<p>Our treatment <strong>premium<\/strong>With stain protection, we create a transparent, dull film on our paving, thus preventing the most aggressive stains (coffee, oils, food, etc.) from penetrating the surface layer of the paving, protecting it and making it easier to clean.<\/p>\n<p><em>Treatment on request, can be applied in the factory or on site after installation of the product.<\/em><\/p>\n\n\t\t<\/div>\n\t<\/div>\n<\/div><\/div><\/div><\/div><div data-midnight=\"dark-title\" class=\"row wpb_row row-fluid\"><div class=\"wpb_column columns medium-4 thb-dark-column small-12\"><div class=\"vc_column-inner\"><div class=\"wpb_wrapper\">\t<div id=\"thb-fadetype-51\" class=\"thb-fadetype  thb-fadetype-style1\">\n\t\t\t\t\t\t\n<h2><div class=\"thb-fadetype-entry\">Protects, fixes the colour, increases durability, the best finish for your floors.<\/div><\/h2>\n\t\t<\/div>\n\t<\/div><\/div><\/div><div class=\"wpb_column columns medium-4 thb-dark-column small-12\"><div class=\"vc_column-inner\"><div class=\"wpb_wrapper\">\t\t\t\t\t<div id=\"thb-image-slider-38\" class=\"thb-image-slider slick thb-image-slider-style1   mfp-gallery dark-arrow\" data-pagination=\"true\" data-navigation=\"\" data-center=\"0\" data-columns=\"1\" data-infinite=\"false\" data-autoplay=\"\" data-autoplay-speed=\"4000\">\n\t\t\t\t\t\t\t\t\t\t\t\t\t<figure>\n\t\t\t\t\t\t\t\t\t\t\t\t\t\t\t\t\t\t<a href=\"https:\/\/pavigesa.com\/wp-content\/uploads\/2022\/02\/resina.png\">\n\t\t\t\t\t\t\t\t\t\t\t\t\t\t\t\t\t\t<img decoding=\"async\" width=\"591\" height=\"553\" src=\"https:\/\/pavigesa.com\/wp-content\/uploads\/2022\/02\/resina.png\" class=\"thb-ignore-lazyload attachment-full\" alt=\"\" title=\"Paviprotect\" srcset=\"https:\/\/pavigesa.com\/wp-content\/uploads\/2022\/02\/resina.png 591w, https:\/\/pavigesa.com\/wp-content\/uploads\/2022\/02\/resina-13x12.png 13w, https:\/\/pavigesa.com\/wp-content\/uploads\/2022\/02\/resina-80x75.png 80w, https:\/\/pavigesa.com\/wp-content\/uploads\/2022\/02\/resina-160x150.png 160w, https:\/\/pavigesa.com\/wp-content\/uploads\/2022\/02\/resina-320x299.png 320w, https:\/\/pavigesa.com\/wp-content\/uploads\/2022\/02\/resina-480x450.png 480w, https:\/\/pavigesa.com\/wp-content\/uploads\/2022\/02\/resina-20x18.png 20w\" sizes=\"(max-width: 591px) 100vw, 591px\" \/>\t\t\t\t\t\t\t\t\t\t\t\t\t\t\t\t\t\t\t\t\t\t\t\t\t\t<\/a>\n\t\t\t\t\t\t\t\t\t\t\t\t\t\t\t\t\t<\/figure>\n\t\t\t\t\t\t\t\t\t\t\t<\/div>\n\t\t\t\t\t\t<\/div><\/div><\/div><\/div>","protected":false},"excerpt":{"rendered":"Tratamiento y Protecci\u00f3n A\u00d1ADE UN TRATAMIENTO SUPERFICIAL A TUS PAVIMENTOS CONTRA LAS MANCHAS Compuesto l\u00edquido para la protecci\u00f3n de pavimentos de Pavigesa para exteriores. Elaborado a base de resinas acr\u00edlicas, con excelentes propiedades de dureza y resistencia a los rayos ultravioleta y a la humedad. Extraordinaria adherencia, que act\u00faa penetrando y compactando las part\u00edculas al&hellip;","protected":false},"author":2,"featured_media":0,"parent":0,"menu_order":0,"comment_status":"closed","ping_status":"closed","template":"","meta":{"footnotes":"","_links_to":"","_links_to_target":""},"class_list":["post-3046","page","type-page","status-publish","hentry"],"yoast_head":"<!-- This site is optimized with the Yoast SEO plugin v26.7 - https:\/\/yoast.com\/wordpress\/plugins\/seo\/ -->\n<title>TRATAMIENTOS - Pavigesa<\/title>\n<meta name=\"robots\" content=\"index, follow, max-snippet:-1, max-image-preview:large, max-video-preview:-1\" \/>\n<link rel=\"canonical\" href=\"https:\/\/pavigesa.com\/en\/tratamientos\/\" \/>\n<meta property=\"og:locale\" content=\"en_GB\" \/>\n<meta property=\"og:type\" content=\"article\" \/>\n<meta property=\"og:title\" content=\"TRATAMIENTOS - Pavigesa\" \/>\n<meta property=\"og:url\" content=\"https:\/\/pavigesa.com\/en\/tratamientos\/\" \/>\n<meta property=\"og:site_name\" content=\"Pavigesa\" \/>\n<meta property=\"article:modified_time\" content=\"2025-07-04T11:35:25+00:00\" \/>\n<meta name=\"twitter:card\" content=\"summary_large_image\" \/>\n<meta name=\"twitter:label1\" content=\"Estimated reading time\" \/>\n\t<meta name=\"twitter:data1\" content=\"4 minutes\" \/>\n<script type=\"application\/ld+json\" class=\"yoast-schema-graph\">{\"@context\":\"https:\/\/schema.org\",\"@graph\":[{\"@type\":\"WebPage\",\"@id\":\"https:\/\/pavigesa.com\/tratamientos\/\",\"url\":\"https:\/\/pavigesa.com\/tratamientos\/\",\"name\":\"TRATAMIENTOS - Pavigesa\",\"isPartOf\":{\"@id\":\"https:\/\/pavigesa.com\/#website\"},\"datePublished\":\"2022-02-14T10:28:23+00:00\",\"dateModified\":\"2025-07-04T11:35:25+00:00\",\"breadcrumb\":{\"@id\":\"https:\/\/pavigesa.com\/tratamientos\/#breadcrumb\"},\"inLanguage\":\"en-GB\",\"potentialAction\":[{\"@type\":\"ReadAction\",\"target\":[\"https:\/\/pavigesa.com\/tratamientos\/\"]}]},{\"@type\":\"BreadcrumbList\",\"@id\":\"https:\/\/pavigesa.com\/tratamientos\/#breadcrumb\",\"itemListElement\":[{\"@type\":\"ListItem\",\"position\":1,\"name\":\"Portada\",\"item\":\"https:\/\/pavigesa.com\/\"},{\"@type\":\"ListItem\",\"position\":2,\"name\":\"TRATAMIENTOS\"}]},{\"@type\":\"WebSite\",\"@id\":\"https:\/\/pavigesa.com\/#website\",\"url\":\"https:\/\/pavigesa.com\/\",\"name\":\"Pavigesa\",\"description\":\"Construimos entornos urbanos de calidad\",\"potentialAction\":[{\"@type\":\"SearchAction\",\"target\":{\"@type\":\"EntryPoint\",\"urlTemplate\":\"https:\/\/pavigesa.com\/?s={search_term_string}\"},\"query-input\":{\"@type\":\"PropertyValueSpecification\",\"valueRequired\":true,\"valueName\":\"search_term_string\"}}],\"inLanguage\":\"en-GB\"}]}<\/script>\n<!-- \/ Yoast SEO plugin. -->","yoast_head_json":{"title":"TRATAMIENTOS - Pavigesa","robots":{"index":"index","follow":"follow","max-snippet":"max-snippet:-1","max-image-preview":"max-image-preview:large","max-video-preview":"max-video-preview:-1"},"canonical":"https:\/\/pavigesa.com\/en\/tratamientos\/","og_locale":"en_GB","og_type":"article","og_title":"TRATAMIENTOS - Pavigesa","og_url":"https:\/\/pavigesa.com\/en\/tratamientos\/","og_site_name":"Pavigesa","article_modified_time":"2025-07-04T11:35:25+00:00","twitter_card":"summary_large_image","twitter_misc":{"Estimated reading time":"4 minutes"},"schema":{"@context":"https:\/\/schema.org","@graph":[{"@type":"WebPage","@id":"https:\/\/pavigesa.com\/tratamientos\/","url":"https:\/\/pavigesa.com\/tratamientos\/","name":"TRATAMIENTOS - Pavigesa","isPartOf":{"@id":"https:\/\/pavigesa.com\/#website"},"datePublished":"2022-02-14T10:28:23+00:00","dateModified":"2025-07-04T11:35:25+00:00","breadcrumb":{"@id":"https:\/\/pavigesa.com\/tratamientos\/#breadcrumb"},"inLanguage":"en-GB","potentialAction":[{"@type":"ReadAction","target":["https:\/\/pavigesa.com\/tratamientos\/"]}]},{"@type":"BreadcrumbList","@id":"https:\/\/pavigesa.com\/tratamientos\/#breadcrumb","itemListElement":[{"@type":"ListItem","position":1,"name":"Portada","item":"https:\/\/pavigesa.com\/"},{"@type":"ListItem","position":2,"name":"TRATAMIENTOS"}]},{"@type":"WebSite","@id":"https:\/\/pavigesa.com\/#website","url":"https:\/\/pavigesa.com\/","name":"Pavigesa","description":"Building quality urban environments","potentialAction":[{"@type":"SearchAction","target":{"@type":"EntryPoint","urlTemplate":"https:\/\/pavigesa.com\/?s={search_term_string}"},"query-input":{"@type":"PropertyValueSpecification","valueRequired":true,"valueName":"search_term_string"}}],"inLanguage":"en-GB"}]}},"_links":{"self":[{"href":"https:\/\/pavigesa.com\/en\/wp-json\/wp\/v2\/pages\/3046","targetHints":{"allow":["GET"]}}],"collection":[{"href":"https:\/\/pavigesa.com\/en\/wp-json\/wp\/v2\/pages"}],"about":[{"href":"https:\/\/pavigesa.com\/en\/wp-json\/wp\/v2\/types\/page"}],"author":[{"embeddable":true,"href":"https:\/\/pavigesa.com\/en\/wp-json\/wp\/v2\/users\/2"}],"replies":[{"embeddable":true,"href":"https:\/\/pavigesa.com\/en\/wp-json\/wp\/v2\/comments?post=3046"}],"version-history":[{"count":27,"href":"https:\/\/pavigesa.com\/en\/wp-json\/wp\/v2\/pages\/3046\/revisions"}],"predecessor-version":[{"id":4051,"href":"https:\/\/pavigesa.com\/en\/wp-json\/wp\/v2\/pages\/3046\/revisions\/4051"}],"wp:attachment":[{"href":"https:\/\/pavigesa.com\/en\/wp-json\/wp\/v2\/media?parent=3046"}],"curies":[{"name":"wp","href":"https:\/\/api.w.org\/{rel}","templated":true}]}}